{"id":11485,"date":"2023-02-24T11:53:37","date_gmt":"2023-02-24T11:53:37","guid":{"rendered":"https:\/\/refactor-second-attempt.torseed.dev.greenparrot.pl\/o-firmie\/"},"modified":"2023-08-18T11:48:55","modified_gmt":"2023-08-18T10:48:55","slug":"company","status":"publish","type":"page","link":"https:\/\/torseed.eu\/en\/company\/","title":{"rendered":"Company"},"content":{"rendered":"<section        class=\"page-intro  container\"\n    >\n\n<div        class=\"page-intro__content  container\"\n    >\n\n<div class=\"breadcrumbs wp-block-acf-breadcrumbs\"><a href=\"https:\/\/torseed.eu\/en\/\" class=\"breadcrumbs__item\" rel=\"nofollow\"><span class=\"breadcrumbs__icon icon\">\t<SVG\n\t\txmlns=\"http:\/\/www.w3.org\/2000\/svg\"\n\t\twidth=\"16\"\n\t\theight=\"14.769\"\n\t\tviewBox=\"0 0 16 14.769\"\n\t>\n\t\t<Path\n\t\t\td=\"M18.571,11.756l-8-6.318-8,6.318V9.18l8-6.318,8,6.318Zm-2-.23v6.1h-4v-4.07h-4v4.07h-4v-6.1l6-4.579Z\"\n\t\t\ttransform=\"translate(-2.571 -2.861)\"\n\t\t\/>\n\t<\/SVG><\/span><\/a><span class=\"breadcrumbs__separator\">\/<\/span><span class=\"breadcrumbs__item is-current\">Company<\/span><\/div>\n\n<h1 class='heading no-dropcap desktop-left mobile-left'>TORSEED S.A.<\/h1>\n\n<p\n    class=\"text\"\n    style=\"\"\n>\n    <h4>Garden Seed and Nursery Stock Company in Torun<\/h4>\n<\/p>\n\n<\/div>\n\n\n<figure class=\"image\">\n        <img decoding=\"async\" loading=\"lazy\"\n            src=\"https:\/\/torseed.eu\/app\/uploads\/2023\/02\/AdobeStock_299705146.jpeg\"\n            class=\"wp-image11239\"\n            width=\"1920\"\n            height=\"1280\"\n            alt=\"\"\n    \/>\n    <\/figure>\n\n<\/section>\n\n\n<section        class=\"page-content  container\"\n    >\n\n<section        class=\" media-text container\"\n    >\n\n<figure class=\"image\">\n        <img decoding=\"async\" loading=\"lazy\"\n            src=\"https:\/\/torseed.eu\/app\/uploads\/2023\/02\/AdobeStock_218038263.jpeg\"\n            class=\"wp-image11375\"\n            width=\"1920\"\n            height=\"1280\"\n            alt=\"\"\n    \/>\n    <\/figure>\n\n\n<div        class=\" media-text__content container\"\n    >\n\n<h2 class='heading has-dropcap desktop-left mobile-left'>About us<\/h2>\n\n<p\n    class=\"text\"\n    style=\"\"\n>\n    <p><span class=\"Y2IQFc\" lang=\"en\">TORSEED S.A. in Toru\u0144 is one of the leaders of the seed industry in Poland. The company cooperates with many experienced growers in Poland and abroad. Currently, we have seeds of several dozen species and several hundred varieties of vegetables, flowers and herbs. There are also varieties from our own, intensively maintained and developed breeding.<\/span><\/p>\n<\/p>\n\n<\/div>\n\n<\/section>\n\n\n<p\n    class=\"text\"\n    style=\"\"\n>\n    <p>Connection with flower and vegetable production in Torun date back to WW II when in the city operated also well-known in Europe \u201eHozakowski\u201d seed company. Soon after the war a branch of the Polish Seed Producers Cooperative Society in Pozna\u0144 was created in Toru\u0144. In the 1950s emerging National Seed and Nursery Stock Company in Toru\u0144 (CNOS). In the 1980 CNOS was transformed into Garden Seed and Nursery Stock Company (PNOS) in Toru\u0144. \u00a0In 1996 was established company TORSEED P.N.O.S which on August 1, 1999 go through ownership transformation and privatization proces and was transformed into stock company.<\/p>\n<p>TORSEED SA pursue creative and preserve breeding activity in many vegetable varieties. We organize production on plantations, mutual contract in agriculture and buy horticultural seeds.<\/p>\n<p>Currently we offer several dozen\u2019s species and several hundred\u2019s varieties of vegetables, flowers and herbs. The offer involves also varieties which have been created by the comapny\u2019s fast-growing Breeding Department.<\/p>\n<p>We are cleaning, drying and have possibility to ozonate and coating seeds on ours machine.<\/p>\n<p>Our Accredited Seed Testing Laboratory assessed seeds in terms of moisture, purity and germination capacity.<\/p>\n<p>The seeds are tested accordingly with international ISTA seed assessment regulation. Thanks this standards you can be sure that the purchased material possess highest quality.<\/p>\n<p>We are eager share with you\u00a0 our experience and still we are open to all of your suggestion and proposals.<\/p>\n<\/p>\n\n\n<section        class=\" gallery-slider container\"\n    >\n\n<h1 class='heading has-dropcap desktop-center mobile-center'>Gallery<\/h1>\n\n<div class=\"home-slider splide js-slider\"\n     data-splide='{ \"type\": \"loop\", \"perPage\": 1, \"perMove\": 1, \"autoplay\": false, \"flickPower\": 100, \"interval\": 3500, \"rewind\": false, \"arrows\": true, \"pagination\": false, \"width\": \"100%\", \"gap\": \"0px\" }'\n>\n            <div class=\"splide__arrows\">\n            <button class=\"splide__arrow splide__arrow--prev\">\n                <span class=\"icon\">\t<SVG xmlns=\"http:\/\/www.w3.org\/2000\/svg\" viewBox=\"0 0 440 720\">\n\t\t<Path d=\"M159.98,360L440,640.012L360.01,720L0,360L360.01,0L440,79.987L159.98,360z\" \/>\n\t<\/SVG><\/span>\n            <\/button>\n            <button class=\"splide__arrow splide__arrow--next\">\n                <span class=\"icon\">\t<SVG xmlns=\"http:\/\/www.w3.org\/2000\/svg\" viewBox=\"0 0 440 720\">\n\t\t<Path d=\"M0,79.987L79.99,0L440,360L79.99,720L0,640.012L280.021,360L0,79.987z\" \/>\n\t<\/SVG><\/span>\n            <\/button>\n        <\/div>\n            <div class=\"splide__track\">\n        <div class='splide__list'>\n            \n<div class=\"slider-item splide__slide\"\n     data-splide-interval=\"3000\"\n>\n\n    \n<figure class=\"image\">\n        <img decoding=\"async\" loading=\"lazy\"\n            src=\"https:\/\/torseed.eu\/app\/uploads\/2023\/05\/slonecznik-1.jpg\"\n            class=\"wp-image34448\"\n            width=\"1000\"\n            height=\"750\"\n            alt=\"\"\n    \/>\n    <\/figure>\n\n\n<\/div>\n\n\n<div class=\"slider-item splide__slide\"\n     data-splide-interval=\"3000\"\n>\n\n    \n<figure class=\"image\">\n        <img decoding=\"async\" loading=\"lazy\"\n            src=\"https:\/\/torseed.eu\/app\/uploads\/2023\/05\/Picture-077.jpg\"\n            class=\"wp-image34442\"\n            width=\"1000\"\n            height=\"750\"\n            alt=\"\"\n    \/>\n    <\/figure>\n\n\n<\/div>\n\n\n<div class=\"slider-item splide__slide\"\n     data-splide-interval=\"3000\"\n>\n\n    \n<figure class=\"image\">\n        <img decoding=\"async\" loading=\"lazy\"\n            src=\"https:\/\/torseed.eu\/app\/uploads\/2023\/05\/Picture-028.jpg\"\n            class=\"wp-image34439\"\n            width=\"1000\"\n            height=\"750\"\n            alt=\"\"\n    \/>\n    <\/figure>\n\n\n<\/div>\n\n\n<div class=\"slider-item splide__slide\"\n     data-splide-interval=\"3000\"\n>\n\n    \n<figure class=\"image\">\n        <img decoding=\"async\" loading=\"lazy\"\n            src=\"https:\/\/torseed.eu\/app\/uploads\/2023\/05\/IMG_0156.jpg\"\n            class=\"wp-image34418\"\n            width=\"1000\"\n            height=\"750\"\n            alt=\"\"\n    \/>\n    <\/figure>\n\n\n<\/div>\n\n\n<div class=\"slider-item splide__slide\"\n     data-splide-interval=\"3000\"\n>\n\n    \n<figure class=\"image\">\n        <img decoding=\"async\" loading=\"lazy\"\n            src=\"https:\/\/torseed.eu\/app\/uploads\/2023\/05\/DSC01059.jpg\"\n            class=\"wp-image34397\"\n            width=\"1000\"\n            height=\"665\"\n            alt=\"\"\n    \/>\n    <\/figure>\n\n\n<\/div>\n\n\n<div class=\"slider-item splide__slide\"\n     data-splide-interval=\"3000\"\n>\n\n    \n<figure class=\"image\">\n        <img decoding=\"async\" loading=\"lazy\"\n            src=\"https:\/\/torseed.eu\/app\/uploads\/2023\/05\/chaber-kwiat.jpg\"\n            class=\"wp-image34394\"\n            width=\"640\"\n            height=\"480\"\n            alt=\"\"\n    \/>\n    <\/figure>\n\n\n<\/div>\n\n\n<div class=\"slider-item splide__slide\"\n     data-splide-interval=\"3000\"\n>\n\n    \n<figure class=\"image\">\n        <img decoding=\"async\" loading=\"lazy\"\n            src=\"https:\/\/torseed.eu\/app\/uploads\/2023\/05\/cebula6.jpg\"\n            class=\"wp-image34385\"\n            width=\"1000\"\n            height=\"750\"\n            alt=\"\"\n    \/>\n    <\/figure>\n\n\n<\/div>\n\n\n<div class=\"slider-item splide__slide\"\n     data-splide-interval=\"3000\"\n>\n\n    \n<figure class=\"image\">\n        <img decoding=\"async\" loading=\"lazy\"\n            src=\"https:\/\/torseed.eu\/app\/uploads\/2023\/05\/IMG_8149.jpg\"\n            class=\"wp-image34430\"\n            width=\"1000\"\n            height=\"666\"\n            alt=\"\"\n    \/>\n    <\/figure>\n\n\n<\/div>\n\n\n        <\/div>\n    <\/div>\n    <\/div>\n<\/section>\n\n<\/section>\n\n\n<section        class=\"contact-us  container\"\n    >\n\n<div        class=\"contact-us__inner-container  container\"\n    >\n\n<div        class=\"contact-us__content  container\"\n    >\n\n<h2 class='heading no-dropcap desktop-left mobile-center'>Have a question?<\/h2>\n\n<p\n    class=\"text\"\n    style=\"\"\n>\n    <p id=\"tw-target-text\" class=\"tw-data-text tw-text-large tw-ta\" dir=\"ltr\" data-placeholder=\"T\u0142umaczenie\"><span class=\"Y2IQFc\" lang=\"en\">Write to us and we will provide you<\/span><\/p>\n<\/p>\n\n\n<p\n    class=\"text\"\n    style=\"\"\n>\n    <p id=\"tw-target-text\" class=\"tw-data-text tw-text-large tw-ta\" dir=\"ltr\" data-placeholder=\"T\u0142umaczenie\"><span class=\"Y2IQFc\" lang=\"en\">any information!<\/span><\/p>\n<\/p>\n\n<\/div>\n\n\n<div        class=\"contact-us__contact-form  container\"\n    >\n\n<h2 class='heading no-dropcap desktop-center mobile-center'>Contact<\/h2>\n\n<div id=\"contact\" class=\"contact\"><form id=\"contact_form\" class=\"contact__form form has-validation\" method=\"post\" action=\"https:\/\/torseed.eu\/en\/company\/#contact\"><div class=\"contact__form-item contact__form-item--name form-item form-item--name\"><input type=\"text\" id=\"contactName\" class=\"input-text\" name=\"contactName\" placeholder=\"Name*\" value=\"\" autocomplete=\"off\" \/><label for=\"contactName\" class=\"screen-reader-text label\">Name*<\/label><\/div><div class=\"contact__form-item contact__form-item--email form-item form-item--email\"><input type=\"text\" id=\"contactEmail\" class=\"input-text\" name=\"contactEmail\" placeholder=\"Address e-mail*\" value=\"\" autocomplete=\"off\" \/><label for=\"contactEmail\" class=\"screen-reader-text label\">Address e-mail*<\/label><\/div><div class=\"contact__form-item contact__form-item--message form-item form-item--message\"><textarea id=\"contactMessage\" class=\"textarea\" name=\"contactMessage\" placeholder=\"Message content*\" rows=\"8\" cols=\"30\" autocomplete=\"off\"><\/textarea><label for=\"contactMessage\" class=\"screen-reader-text label\">Message content*<\/label><\/div><div class=\"contact__form-item contact__form-item--checkbox form-item form-item--checkbox\"><input type=\"checkbox\" id=\"contactCheckbox\" class=\"input-checkbox\" name=\"contactCheckbox\" value=\"\" \/><label for=\"contactCheckbox\" class=\"label has-pointer-events\"><p id=\"tw-target-text\" class=\"tw-data-text tw-text-large tw-ta\" dir=\"ltr\" data-placeholder=\"T\u0142umaczenie\"><span class=\"Y2IQFc\" lang=\"en\">We will use your contact information to contact you directly about potential business opportunities now or in the future. All details regarding the protection of personal data can be found in the <a href=\"https:\/\/torseed.eu\/en\/polityka-prywatnosci\/\">Privacy Policy<\/a>.<\/span><\/p>\n<\/label><\/div><div class=\"contact__form-item contact__form-item--data form-item form-item--data\"><input type=\"text\" id=\"contactData\" class=\"input-text\" name=\"contactData\" placeholder=\"Pozostaw to pole puste.\" value=\"\" autocomplete=\"off\" \/><label for=\"contactData\" class=\"screen-reader-text label\">Pozostaw to pole puste.<\/label><\/div><div class=\"contact__form-item contact__form-item--submit form-item form-item--submit\"><button type=\"submit\" class=\"button is-rounded\" name=\"contactSubmit\">SEND MESSAGE<\/button><\/div><\/form><\/div>\n<\/div>\n\n<\/div>\n\n\n<figure class=\"image\">\n        <img decoding=\"async\" loading=\"lazy\"\n            src=\"https:\/\/torseed.eu\/app\/uploads\/2022\/06\/AdobeStock_291533500-scaled.jpg\"\n            class=\"wp-image62\"\n            width=\"2560\"\n            height=\"983\"\n            alt=\"\"\n    \/>\n    <\/figure>\n\n<\/section>\n","protected":false},"excerpt":{"rendered":"","protected":false},"author":3,"featured_media":0,"parent":0,"menu_order":14,"comment_status":"closed","ping_status":"closed","template":"","meta":{"inline_featured_image":false},"acf":[],"_links":{"self":[{"href":"https:\/\/torseed.eu\/en\/wp-json\/wp\/v2\/pages\/11485"}],"collection":[{"href":"https:\/\/torseed.eu\/en\/wp-json\/wp\/v2\/pages"}],"about":[{"href":"https:\/\/torseed.eu\/en\/wp-json\/wp\/v2\/types\/page"}],"author":[{"embeddable":true,"href":"https:\/\/torseed.eu\/en\/wp-json\/wp\/v2\/users\/3"}],"replies":[{"embeddable":true,"href":"https:\/\/torseed.eu\/en\/wp-json\/wp\/v2\/comments?post=11485"}],"version-history":[{"count":35,"href":"https:\/\/torseed.eu\/en\/wp-json\/wp\/v2\/pages\/11485\/revisions"}],"predecessor-version":[{"id":39449,"href":"https:\/\/torseed.eu\/en\/wp-json\/wp\/v2\/pages\/11485\/revisions\/39449"}],"wp:attachment":[{"href":"https:\/\/torseed.eu\/en\/wp-json\/wp\/v2\/media?parent=11485"}],"curies":[{"name":"wp","href":"https:\/\/api.w.org\/{rel}","templated":true}]}}