{"id":11493,"date":"2022-05-18T18:33:07","date_gmt":"2022-05-18T18:33:07","guid":{"rendered":"https:\/\/refactor-second-attempt.torseed.dev.greenparrot.pl\/kontakt\/"},"modified":"2024-06-10T08:39:29","modified_gmt":"2024-06-10T07:39:29","slug":"contact","status":"publish","type":"page","link":"https:\/\/torseed.eu\/en\/contact\/","title":{"rendered":"Contact"},"content":{"rendered":"<section        class=\"page-intro  container\"\n    >\n\n<div        class=\"page-intro__content  container\"\n    >\n\n<div class=\"breadcrumbs wp-block-acf-breadcrumbs\"><a href=\"https:\/\/torseed.eu\/en\/\" class=\"breadcrumbs__item\" rel=\"nofollow\"><span class=\"breadcrumbs__icon icon\">\t<SVG\n\t\txmlns=\"http:\/\/www.w3.org\/2000\/svg\"\n\t\twidth=\"16\"\n\t\theight=\"14.769\"\n\t\tviewBox=\"0 0 16 14.769\"\n\t>\n\t\t<Path\n\t\t\td=\"M18.571,11.756l-8-6.318-8,6.318V9.18l8-6.318,8,6.318Zm-2-.23v6.1h-4v-4.07h-4v4.07h-4v-6.1l6-4.579Z\"\n\t\t\ttransform=\"translate(-2.571 -2.861)\"\n\t\t\/>\n\t<\/SVG><\/span><\/a><span class=\"breadcrumbs__separator\">\/<\/span><span class=\"breadcrumbs__item is-current\">Contact<\/span><\/div>\n\n<h1 class='heading no-dropcap desktop-left mobile-left'>Contact<\/h1>\n\n<p\n    class=\"text\"\n    style=\"\"\n>\n    <p id=\"tw-target-text\" class=\"tw-data-text tw-text-large tw-ta\" dir=\"ltr\" style=\"text-align: left;\" data-placeholder=\"T\u0142umaczenie\"><span class=\"Y2IQFc\" lang=\"en\">If you have any questions. Please contact us. Below is the contact form.<\/span><\/p>\n<\/p>\n\n<\/div>\n\n\n<figure class=\"image\">\n        <img decoding=\"async\" loading=\"lazy\"\n            src=\"https:\/\/torseed.eu\/app\/uploads\/2023\/05\/Kopia-blog_content_photo_6.jpeg\"\n            class=\"wp-image34470\"\n            width=\"1920\"\n            height=\"1280\"\n            alt=\"\"\n    \/>\n    <\/figure>\n\n<\/section>\n\n\n<section        class=\"page-content  container\"\n    >\n\n<div        class=\" contact-details container\"\n    >\n\n\n<div class=\"columns\" style=\"--cols: 1;--cols-sm: 2;--cols-md: 2;--cols-lg: 2;--gap: 1rem;--gap-sm: 2rem;--gap-md: 3rem;--gap-lg: 4rem\">\n    \n<div class=\"columns__item\">\n    \n\n<div class=\"contact-box\">\n    <div class=\"contact-box__label\">ADDRESS<\/div><h6 class=\"contact-box__title\">TORSEED \u2013 Przedsi\u0119biorstwo Nasiennictwa Ogrodniczego i Szk\u00f3\u0142karstwa S.A. w\u00a0Toruniu<\/h6><div class=\"contact-box__row\">        <span class=\"icon\">\t<SVG xmlns=\"http:\/\/www.w3.org\/2000\/svg\" width=\"18\" height=\"24\">\n\t\t<Path d=\"M9 0a8.988 8.988 0 0 0-9 9c0 6 9 15 9 15s9-9 9-15a8.988 8.988 0 0 0-9-9Zm0 3a6 6 0 1 1-6 6 6 6 0 0 1 6-6Z\" \/>\n\t<\/SVG><\/span><div class=\"content\">ul.  Aleksandrowska 5, 87-100 Toru\u0144<\/div><\/div><div class=\"contact-box__row\">        <span class=\"icon\">\t<SVG xmlns=\"http:\/\/www.w3.org\/2000\/svg\" width=\"24\" height=\"24\">\n\t\t<Path d=\"M17.6 14.4C16 16 16 17.6 14.4 17.6s-3.2-1.6-4.8-3.2-3.2-3.2-3.2-4.8S8 8 9.6 6.4 6.4 0 4.8 0 0 4.8 0 4.8C0 8 3.287 14.488 6.4 17.6S16 24 19.2 24c0 0 4.8-3.2 4.8-4.8s-4.8-6.4-6.4-4.8Z\" \/>\n\t<\/SVG><\/span><div class=\"content\"><p class=\"text text-phone\"><a href=\"tel:+485665848\">+48 56 658 48 00<\/a><\/p><\/div><\/div><div class=\"contact-box__row\">        <span class=\"icon\">\t<SVG xmlns=\"http:\/\/www.w3.org\/2000\/svg\" width=\"24\" height=\"24\">\n\t\t<Path d=\"M3 6H1.5A1.5 1.5 0 0 0 0 7.5v15A1.5 1.5 0 0 0 1.5 24H3a1.5 1.5 0 0 0 1.5-1.5v-15A1.5 1.5 0 0 0 3 6Zm19.5 1.5V3.621a1.5 1.5 0 0 0-.439-1.061L19.939.439A1.5 1.5 0 0 0 18.878 0H7.5A1.5 1.5 0 0 0 6 1.5v21A1.5 1.5 0 0 0 7.5 24h15a1.5 1.5 0 0 0 1.5-1.5V9a1.5 1.5 0 0 0-1.5-1.5Zm-9 12.75a.75.75 0 0 1-.75.75h-1.5a.75.75 0 0 1-.75-.75v-1.5a.75.75 0 0 1 .75-.75h1.5a.75.75 0 0 1 .75.75Zm0-6a.75.75 0 0 1-.75.75h-1.5a.75.75 0 0 1-.75-.75v-1.5a.75.75 0 0 1 .75-.75h1.5a.75.75 0 0 1 .75.75Zm6 6a.75.75 0 0 1-.75.75h-1.5a.75.75 0 0 1-.75-.75v-1.5a.75.75 0 0 1 .75-.75h1.5a.75.75 0 0 1 .75.75Zm0-6a.75.75 0 0 1-.75.75h-1.5a.75.75 0 0 1-.75-.75v-1.5a.75.75 0 0 1 .75-.75h1.5a.75.75 0 0 1 .75.75ZM20.25 9h-12V2.25H18v1.5a.75.75 0 0 0 .75.75h1.5Z\" \/>\n\t<\/SVG><\/span><div class=\"content\">+48 56 659 89 31<\/div><\/div><div class=\"contact-box__row\">        <span class=\"icon\">\t<SVG xmlns=\"http:\/\/www.w3.org\/2000\/svg\" width=\"24\" height=\"19.2\">\n\t\t<Path d=\"M21.6 0H2.4A2.389 2.389 0 0 0 .012 2.4L0 16.8a2.4 2.4 0 0 0 2.4 2.4h19.2a2.4 2.4 0 0 0 2.4-2.4V2.4A2.4 2.4 0 0 0 21.6 0Zm0 4.8-9.6 6-9.6-6V2.4l9.6 6 9.6-6v2.4Z\" \/>\n\t<\/SVG><\/span><div class=\"content\"><p class=\"text\"><a href=\"mailto:torseed@torseed.pl\">torseed@torseed.pl<\/a><\/p><\/div><\/div><div class=\"contact-box__row\">        <span class=\"icon\">\t<SVG xmlns=\"http:\/\/www.w3.org\/2000\/svg\" width=\"24\" height=\"19.2\">\n\t\t<Path d=\"M21.6 0H2.4A2.389 2.389 0 0 0 .012 2.4L0 16.8a2.4 2.4 0 0 0 2.4 2.4h19.2a2.4 2.4 0 0 0 2.4-2.4V2.4A2.4 2.4 0 0 0 21.6 0Zm0 4.8-9.6 6-9.6-6V2.4l9.6 6 9.6-6v2.4Z\" \/>\n\t<\/SVG><\/span><div class=\"content\"><p class=\"text\"><a href=\"mailto:sekretariat@torseed.pl\">sekretariat@torseed.pl<\/a><\/p><\/div><\/div><div class=\"contact-box__row\">        <span class=\"icon\">\t<SVG xmlns=\"http:\/\/www.w3.org\/2000\/svg\" width=\"24\" height=\"24.33\">\n\t\t<Path d=\"M12.011 0A12.476 12.476 0 0 0 .085 8.554h1.767a10.193 10.193 0 0 1 .657-1.415h3.4a14.335 14.335 0 0 0-.371 1.415h1.723a13.293 13.293 0 0 1 .434-1.415h3.282v1.415h1.663V7.139h3.546a12.407 12.407 0 0 1 .486 1.415h1.725a13.911 13.911 0 0 0-.416-1.415h3.531a10.188 10.188 0 0 1 .657 1.415h1.764A12.472 12.472 0 0 0 12.011 0Zm2.51 1.957a10.835 10.835 0 0 1 5.833 3.52h-3.085a11.669 11.669 0 0 0-2.748-3.52Zm-5.506.123a11.045 11.045 0 0 0-2.451 3.4h-2.9a10.822 10.822 0 0 1 5.351-3.401Zm3.627.535a9.586 9.586 0 0 1 2.684 2.863h-2.684Zm-1.663.011v2.851H8.477a8.806 8.806 0 0 1 2.5-2.852Zm-10.4 7.537a.711.711 0 0 0-.416.115.342.342 0 0 0-.167.286 1.1 1.1 0 0 0 .081.347l.884 2.54c.027.076.058.162.093.252a.868.868 0 0 0 .141.241.581.581 0 0 0 .234.163.985.985 0 0 0 .371.059.849.849 0 0 0 .442-.1.606.606 0 0 0 .234-.219 3.989 3.989 0 0 0 .163-.375l.791-2.228.787 2.239c.066.166.118.288.16.368a.589.589 0 0 0 .23.219.873.873 0 0 0 .446.1.86.86 0 0 0 .457-.1.6.6 0 0 0 .226-.23 3.679 3.679 0 0 0 .152-.386l.884-2.54a1.22 1.22 0 0 0 .082-.349.339.339 0 0 0-.171-.286.715.715 0 0 0-.412-.115.654.654 0 0 0-.375.089.509.509 0 0 0-.178.2 2.076 2.076 0 0 0-.1.278l-.624 2.161-.7-2.024a3.784 3.784 0 0 0-.16-.371.638.638 0 0 0-.234-.226.888.888 0 0 0-.472-.1.936.936 0 0 0-.472.1.645.645 0 0 0-.249.234 2.694 2.694 0 0 0-.16.368l-.694 2.024-.627-2.176a1.235 1.235 0 0 0-.189-.4.549.549 0 0 0-.457-.152Zm8.551 0a.711.711 0 0 0-.416.115.342.342 0 0 0-.167.286 1.126 1.126 0 0 0 .082.349l.884 2.54c.027.076.058.162.093.252a.859.859 0 0 0 .137.241.581.581 0 0 0 .234.163.985.985 0 0 0 .371.059.864.864 0 0 0 .446-.1.593.593 0 0 0 .23-.219 3.991 3.991 0 0 0 .163-.375l.791-2.228.787 2.239c.066.166.118.288.16.368a.589.589 0 0 0 .23.219.873.873 0 0 0 .446.1.86.86 0 0 0 .457-.1.6.6 0 0 0 .226-.23 3.678 3.678 0 0 0 .152-.386l.884-2.54a1.22 1.22 0 0 0 .082-.349.339.339 0 0 0-.171-.286.715.715 0 0 0-.412-.115.654.654 0 0 0-.375.089.509.509 0 0 0-.178.2 2.076 2.076 0 0 0-.1.278l-.624 2.161-.7-2.024a3.786 3.786 0 0 0-.16-.371.624.624 0 0 0-.23-.226.888.888 0 0 0-.472-.1.951.951 0 0 0-.475.1.645.645 0 0 0-.249.234 2.7 2.7 0 0 0-.16.368l-.694 2.024-.625-2.188a1.234 1.234 0 0 0-.186-.4.558.558 0 0 0-.46-.152Zm8.551 0a.711.711 0 0 0-.416.115.342.342 0 0 0-.167.286 1.126 1.126 0 0 0 .082.349l.884 2.54c.027.076.058.162.093.252a.859.859 0 0 0 .137.241.581.581 0 0 0 .234.163.985.985 0 0 0 .371.059.864.864 0 0 0 .446-.1.593.593 0 0 0 .23-.219 3.807 3.807 0 0 0 .167-.375l.787-2.228.787 2.239c.066.166.118.288.16.368a.589.589 0 0 0 .23.219.873.873 0 0 0 .446.1.86.86 0 0 0 .457-.1.6.6 0 0 0 .226-.23 3.678 3.678 0 0 0 .152-.386l.884-2.54a1.221 1.221 0 0 0 .082-.349.335.335 0 0 0-.167-.286.728.728 0 0 0-.416-.115.654.654 0 0 0-.375.089.509.509 0 0 0-.178.2 2.075 2.075 0 0 0-.1.278l-.62 2.161-.7-2.024a3.786 3.786 0 0 0-.16-.371.624.624 0 0 0-.23-.226.888.888 0 0 0-.472-.1.951.951 0 0 0-.475.1.645.645 0 0 0-.249.234 2.7 2.7 0 0 0-.16.368l-.694 2.024-.624-2.176a1.235 1.235 0 0 0-.189-.4.558.558 0 0 0-.46-.152ZM.019 15.558a12.578 12.578 0 0 0 23.978 0h-1.753a10.247 10.247 0 0 1-.6 1.385h-3.567a14.147 14.147 0 0 0 .382-1.385h-1.7a11.627 11.627 0 0 1-.434 1.385h-3.683v-1.385h-1.665v1.385H7.611a14.078 14.078 0 0 1-.394-1.385H5.51c.1.469.212.932.345 1.385H2.377a10.263 10.263 0 0 1-.605-1.385H.022Zm3.449 3.048h2.981a10.562 10.562 0 0 0 2.454 3.62 10.8 10.8 0 0 1-5.431-3.621Zm4.834 0h2.675v3.105a7.925 7.925 0 0 1-2.671-3.106Zm4.337 0h2.859a9.109 9.109 0 0 1-2.859 3.03Zm4.771 0h3.137a10.818 10.818 0 0 1-6.111 3.791 11.2 11.2 0 0 0 2.977-3.792Z\" \/>\n\t<\/SVG><\/span><div class=\"content\"><p class=\"text\"><a href=\"https:\/\/www.torseed.eu\/en\">www.torseed.eu\/en<\/a><\/p><\/div><\/div><div class=\"contact-box__divider\"><\/div><div class=\"contact-box__ids\">    <div class=\"contact-box__id\">          <strong class=\"tag\">VAT number          <\/strong>        <span class=\"id\">879-20-91-091        <\/span>    <\/div>    <div class=\"contact-box__id\">           <strong class=\"tag\">National Official Register of National Economy Units            <\/strong>        <span class=\"id\">871131070        <\/span>    <\/div><\/div><\/div>\n\n\n<div class=\"contact-box\">\n    <h6 class=\"contact-box__title\">Production and Trade Director<\/h6><div class=\"contact-box__row\">        <span class=\"icon\">\t<SVG xmlns=\"http:\/\/www.w3.org\/2000\/svg\" width=\"24\" height=\"24\">\n\t\t<Path d=\"M17.6 14.4C16 16 16 17.6 14.4 17.6s-3.2-1.6-4.8-3.2-3.2-3.2-3.2-4.8S8 8 9.6 6.4 6.4 0 4.8 0 0 4.8 0 4.8C0 8 3.287 14.488 6.4 17.6S16 24 19.2 24c0 0 4.8-3.2 4.8-4.8s-4.8-6.4-6.4-4.8Z\" \/>\n\t<\/SVG><\/span><div class=\"content\"><p class=\"text text-phone\"><a href=\"tel:+48515247385\">+48 515 247 385<\/a><\/p><\/div><\/div><div class=\"contact-box__row\">        <span class=\"icon\">\t<SVG xmlns=\"http:\/\/www.w3.org\/2000\/svg\" width=\"24\" height=\"19.2\">\n\t\t<Path d=\"M21.6 0H2.4A2.389 2.389 0 0 0 .012 2.4L0 16.8a2.4 2.4 0 0 0 2.4 2.4h19.2a2.4 2.4 0 0 0 2.4-2.4V2.4A2.4 2.4 0 0 0 21.6 0Zm0 4.8-9.6 6-9.6-6V2.4l9.6 6 9.6-6v2.4Z\" \/>\n\t<\/SVG><\/span><div class=\"content\"><p class=\"text\"><a href=\"mailto:dyrektor@torseed.pl\">dyrektor@torseed.pl<\/a><\/p><\/div><\/div><\/div>\n\n\n<div class=\"contact-box\">\n    <h6 class=\"contact-box__title\">Export<\/h6><div class=\"contact-box__row\">        <span class=\"icon\">\t<SVG xmlns=\"http:\/\/www.w3.org\/2000\/svg\" width=\"24\" height=\"24\">\n\t\t<Path d=\"M17.6 14.4C16 16 16 17.6 14.4 17.6s-3.2-1.6-4.8-3.2-3.2-3.2-3.2-4.8S8 8 9.6 6.4 6.4 0 4.8 0 0 4.8 0 4.8C0 8 3.287 14.488 6.4 17.6S16 24 19.2 24c0 0 4.8-3.2 4.8-4.8s-4.8-6.4-6.4-4.8Z\" \/>\n\t<\/SVG><\/span><div class=\"content\"><p class=\"text text-phone\"><a href=\"tel:+48509669281\">+48 509 669 281 (Manager)<\/a><\/p><\/div><\/div><div class=\"contact-box__row\">        <span class=\"icon\">\t<SVG xmlns=\"http:\/\/www.w3.org\/2000\/svg\" width=\"24\" height=\"24\">\n\t\t<Path d=\"M17.6 14.4C16 16 16 17.6 14.4 17.6s-3.2-1.6-4.8-3.2-3.2-3.2-3.2-4.8S8 8 9.6 6.4 6.4 0 4.8 0 0 4.8 0 4.8C0 8 3.287 14.488 6.4 17.6S16 24 19.2 24c0 0 4.8-3.2 4.8-4.8s-4.8-6.4-6.4-4.8Z\" \/>\n\t<\/SVG><\/span><div class=\"content\"><p class=\"text text-phone\"><a href=\"tel:+485665848\">+48 56 658 48 56 (Export)<\/a><\/p><\/div><\/div><div class=\"contact-box__row\">        <span class=\"icon\">\t<SVG xmlns=\"http:\/\/www.w3.org\/2000\/svg\" width=\"24\" height=\"19.2\">\n\t\t<Path d=\"M21.6 0H2.4A2.389 2.389 0 0 0 .012 2.4L0 16.8a2.4 2.4 0 0 0 2.4 2.4h19.2a2.4 2.4 0 0 0 2.4-2.4V2.4A2.4 2.4 0 0 0 21.6 0Zm0 4.8-9.6 6-9.6-6V2.4l9.6 6 9.6-6v2.4Z\" \/>\n\t<\/SVG><\/span><div class=\"content\"><p class=\"text\"><a href=\"mailto:export@torseed.pl\">export@torseed.pl<\/a><\/p><\/div><\/div><\/div>\n\n\n<div class=\"contact-box\">\n    <h6 class=\"contact-box__title\">Marketing<\/h6><div class=\"contact-box__row\">        <span class=\"icon\">\t<SVG xmlns=\"http:\/\/www.w3.org\/2000\/svg\" width=\"24\" height=\"24\">\n\t\t<Path d=\"M17.6 14.4C16 16 16 17.6 14.4 17.6s-3.2-1.6-4.8-3.2-3.2-3.2-3.2-4.8S8 8 9.6 6.4 6.4 0 4.8 0 0 4.8 0 4.8C0 8 3.287 14.488 6.4 17.6S16 24 19.2 24c0 0 4.8-3.2 4.8-4.8s-4.8-6.4-6.4-4.8Z\" \/>\n\t<\/SVG><\/span><div class=\"content\"><p class=\"text text-phone\"><a href=\"tel:+48509669340\">+48 509 669 340 (Manager)<\/a><\/p><\/div><\/div><div class=\"contact-box__row\">        <span class=\"icon\">\t<SVG xmlns=\"http:\/\/www.w3.org\/2000\/svg\" width=\"24\" height=\"19.2\">\n\t\t<Path d=\"M21.6 0H2.4A2.389 2.389 0 0 0 .012 2.4L0 16.8a2.4 2.4 0 0 0 2.4 2.4h19.2a2.4 2.4 0 0 0 2.4-2.4V2.4A2.4 2.4 0 0 0 21.6 0Zm0 4.8-9.6 6-9.6-6V2.4l9.6 6 9.6-6v2.4Z\" \/>\n\t<\/SVG><\/span><div class=\"content\"><p class=\"text\"><a href=\"mailto:marketing@torseed.pl\">marketing@torseed.pl<\/a><\/p><\/div><\/div><\/div>\n\n<\/div>\n\n\n<\/div>\n\n<\/div>\n\n\n<div class=\"separator\"><\/div>\n\n<h2 class='heading has-dropcap desktop-center mobile-center'>Contact form<\/h2>\n\n<div id=\"contact\" class=\"contact\"><form id=\"contact_form\" class=\"contact__form form has-validation\" method=\"post\" action=\"https:\/\/torseed.eu\/en\/contact\/#contact\"><div class=\"contact__form-item contact__form-item--name form-item form-item--name\"><input type=\"text\" id=\"contactName\" class=\"input-text\" name=\"contactName\" placeholder=\"Name*\" value=\"\" autocomplete=\"off\" \/><label for=\"contactName\" class=\"screen-reader-text label\">Name*<\/label><\/div><div class=\"contact__form-item contact__form-item--email form-item form-item--email\"><input type=\"text\" id=\"contactEmail\" class=\"input-text\" name=\"contactEmail\" placeholder=\"Adress e-mail*\" value=\"\" autocomplete=\"off\" \/><label for=\"contactEmail\" class=\"screen-reader-text label\">Adress e-mail*<\/label><\/div><div class=\"contact__form-item contact__form-item--subject form-item form-item--subject\"><input type=\"text\" id=\"contactSubject\" class=\"input-text\" name=\"contactSubject\" placeholder=\"Topic*\" value=\"\" autocomplete=\"off\" \/><label for=\"contactSubject\" class=\"screen-reader-text label\">Topic*<\/label><\/div><div class=\"contact__form-item contact__form-item--message form-item form-item--message\"><textarea id=\"contactMessage\" class=\"textarea\" name=\"contactMessage\" placeholder=\"Message content*\" rows=\"8\" cols=\"30\" autocomplete=\"off\"><\/textarea><label for=\"contactMessage\" class=\"screen-reader-text label\">Message content*<\/label><\/div><div class=\"contact__form-item contact__form-item--checkbox form-item form-item--checkbox\"><input type=\"checkbox\" id=\"contactCheckbox\" class=\"input-checkbox\" name=\"contactCheckbox\" value=\"\" \/><label for=\"contactCheckbox\" class=\"label has-pointer-events\"><p><span class=\"Y2IQFc\" lang=\"en\">We will use your contact information to contact you directly about potential business opportunities now or in the future. All details regarding the protection of personal data can be found in <\/span><a href=\"https:\/\/torseed.eu\/en\/polityka-prywatnosci\/\"><strong>Privacy policy.<\/strong><\/a><\/p>\n<\/label><\/div><div class=\"contact__form-item contact__form-item--data form-item form-item--data\"><input type=\"text\" id=\"contactData\" class=\"input-text\" name=\"contactData\" placeholder=\"Pozostaw to pole puste.\" value=\"\" autocomplete=\"off\" \/><label for=\"contactData\" class=\"screen-reader-text label\">Pozostaw to pole puste.<\/label><\/div><div class=\"contact__form-item contact__form-item--submit form-item form-item--submit\"><button type=\"submit\" class=\"button is-rounded\" name=\"contactSubmit\">Send message<\/button><\/div><\/form><\/div>\n<\/section>\n","protected":false},"excerpt":{"rendered":"","protected":false},"author":3,"featured_media":0,"parent":0,"menu_order":30,"comment_status":"closed","ping_status":"closed","template":"","meta":{"inline_featured_image":false},"acf":[],"_links":{"self":[{"href":"https:\/\/torseed.eu\/en\/wp-json\/wp\/v2\/pages\/11493"}],"collection":[{"href":"https:\/\/torseed.eu\/en\/wp-json\/wp\/v2\/pages"}],"about":[{"href":"https:\/\/torseed.eu\/en\/wp-json\/wp\/v2\/types\/page"}],"author":[{"embeddable":true,"href":"https:\/\/torseed.eu\/en\/wp-json\/wp\/v2\/users\/3"}],"replies":[{"embeddable":true,"href":"https:\/\/torseed.eu\/en\/wp-json\/wp\/v2\/comments?post=11493"}],"version-history":[{"count":69,"href":"https:\/\/torseed.eu\/en\/wp-json\/wp\/v2\/pages\/11493\/revisions"}],"predecessor-version":[{"id":41126,"href":"https:\/\/torseed.eu\/en\/wp-json\/wp\/v2\/pages\/11493\/revisions\/41126"}],"wp:attachment":[{"href":"https:\/\/torseed.eu\/en\/wp-json\/wp\/v2\/media?parent=11493"}],"curies":[{"name":"wp","href":"https:\/\/api.w.org\/{rel}","templated":true}]}}