{"id":29665,"date":"2022-06-15T06:34:29","date_gmt":"2022-06-15T06:34:29","guid":{"rendered":"https:\/\/refactor-second-attempt.torseed.dev.greenparrot.pl\/produkt\/petunia-zwisajaca-fortunia-rozowa\/"},"modified":"2023-03-29T18:03:25","modified_gmt":"2023-03-29T18:03:25","slug":"petunia-zwisajaca-fortunia-rozowa","status":"publish","type":"product","link":"https:\/\/torseed.eu\/en\/produkt\/petunia-zwisajaca-fortunia-rozowa\/","title":{"rendered":"Petunia zwisaj\u0105ca Fortunia r\u00f3\u017cowa"},"content":{"rendered":"&#13;\n<p>Ro\u015blina jednoroczna o kwiatach w kszta\u0142cie kielich\u00f3w, obficie kwitn\u0105ca. Wymaga dokarmiania. Zastosowanie: do wisz\u0105cych doniczek, na balkony.<\/p>&#13;\n","protected":false},"excerpt":{"rendered":"<p>&#13; Ro\u015blina jednoroczna o kwiatach w kszta\u0142cie kielich\u00f3w, obficie kwitn\u0105ca. Wymaga dokarmiania. Zastosowanie: do wisz\u0105cych doniczek, na balkony. &#13;<\/p>\n","protected":false},"featured_media":29651,"comment_status":"open","ping_status":"closed","template":"","meta":{"inline_featured_image":false},"product_cat":[89,95],"product_tag":[],"acf":[],"featured_image":"https:\/\/torseed.eu\/app\/uploads\/2023\/03\/8330.jpg","_links":{"self":[{"href":"https:\/\/torseed.eu\/en\/wp-json\/wp\/v2\/product\/29665"}],"collection":[{"href":"https:\/\/torseed.eu\/en\/wp-json\/wp\/v2\/product"}],"about":[{"href":"https:\/\/torseed.eu\/en\/wp-json\/wp\/v2\/types\/product"}],"replies":[{"embeddable":true,"href":"https:\/\/torseed.eu\/en\/wp-json\/wp\/v2\/comments?post=29665"}],"version-history":[{"count":0,"href":"https:\/\/torseed.eu\/en\/wp-json\/wp\/v2\/product\/29665\/revisions"}],"wp:featuredmedia":[{"embeddable":true,"href":"https:\/\/torseed.eu\/en\/wp-json\/wp\/v2\/media\/29651"}],"wp:attachment":[{"href":"https:\/\/torseed.eu\/en\/wp-json\/wp\/v2\/media?parent=29665"}],"wp:term":[{"taxonomy":"product_cat","embeddable":true,"href":"https:\/\/torseed.eu\/en\/wp-json\/wp\/v2\/product_cat?post=29665"},{"taxonomy":"product_tag","embeddable":true,"href":"https:\/\/torseed.eu\/en\/wp-json\/wp\/v2\/product_tag?post=29665"}],"curies":[{"name":"wp","href":"https:\/\/api.w.org\/{rel}","templated":true}]}}