{"id":29682,"date":"2022-06-15T06:34:15","date_gmt":"2022-06-15T06:34:15","guid":{"rendered":"https:\/\/refactor-second-attempt.torseed.dev.greenparrot.pl\/produkt\/petunia-fryzowana-strzepiasta-koronkowy-welon-biala\/"},"modified":"2023-03-29T18:03:38","modified_gmt":"2023-03-29T18:03:38","slug":"petunia-fryzowana-strzepiasta-koronkowy-welon-biala","status":"publish","type":"product","link":"https:\/\/torseed.eu\/en\/produkt\/petunia-fryzowana-strzepiasta-koronkowy-welon-biala\/","title":{"rendered":"Petunia fryzowana (strz\u0119piasta) Koronkowy Welon &#8211; bia\u0142a"},"content":{"rendered":"\n<p>Ro\u015blina jednoroczna obficie kwitn\u0105ca o kwiatach w kszta\u0142cie kielich\u00f3w. Wymaga dokarmiania. Zastosowanie: do wisz\u0105cych doniczek i na balkony.<\/p>\n","protected":false},"excerpt":{"rendered":"<p>Ro\u015blina jednoroczna obficie kwitn\u0105ca o kwiatach w kszta\u0142cie kielich\u00f3w. Wymaga dokarmiania. Zastosowanie: do wisz\u0105cych doniczek i na balkony.<\/p>\n","protected":false},"featured_media":19336,"comment_status":"open","ping_status":"open","template":"","meta":{"inline_featured_image":false},"product_cat":[89,95],"product_tag":[],"acf":[],"featured_image":"https:\/\/torseed.eu\/app\/uploads\/2023\/03\/1308.jpg","_links":{"self":[{"href":"https:\/\/torseed.eu\/en\/wp-json\/wp\/v2\/product\/29682"}],"collection":[{"href":"https:\/\/torseed.eu\/en\/wp-json\/wp\/v2\/product"}],"about":[{"href":"https:\/\/torseed.eu\/en\/wp-json\/wp\/v2\/types\/product"}],"replies":[{"embeddable":true,"href":"https:\/\/torseed.eu\/en\/wp-json\/wp\/v2\/comments?post=29682"}],"version-history":[{"count":0,"href":"https:\/\/torseed.eu\/en\/wp-json\/wp\/v2\/product\/29682\/revisions"}],"wp:featuredmedia":[{"embeddable":true,"href":"https:\/\/torseed.eu\/en\/wp-json\/wp\/v2\/media\/19336"}],"wp:attachment":[{"href":"https:\/\/torseed.eu\/en\/wp-json\/wp\/v2\/media?parent=29682"}],"wp:term":[{"taxonomy":"product_cat","embeddable":true,"href":"https:\/\/torseed.eu\/en\/wp-json\/wp\/v2\/product_cat?post=29682"},{"taxonomy":"product_tag","embeddable":true,"href":"https:\/\/torseed.eu\/en\/wp-json\/wp\/v2\/product_tag?post=29682"}],"curies":[{"name":"wp","href":"https:\/\/api.w.org\/{rel}","templated":true}]}}