{"id":29683,"date":"2022-06-15T06:34:14","date_gmt":"2022-06-15T06:34:14","guid":{"rendered":"https:\/\/refactor-second-attempt.torseed.dev.greenparrot.pl\/produkt\/petunia-fryzowana-strzepiasta-gottfried-michaelis-purpurowofioletowa\/"},"modified":"2023-03-29T18:03:39","modified_gmt":"2023-03-29T18:03:39","slug":"petunia-fryzowana-strzepiasta-gottfried-michaelis-purpurowofioletowa","status":"publish","type":"product","link":"https:\/\/torseed.eu\/en\/produkt\/petunia-fryzowana-strzepiasta-gottfried-michaelis-purpurowofioletowa\/","title":{"rendered":"Petunia fryzowana (strz\u0119piasta) Gottfried Michaelis &#8211; purpurowofioletowa"},"content":{"rendered":"\n<p>Ro\u015blina jednoroczna obficie kwitn\u0105ca o kwiatach w kszta\u0142cie kielich\u00f3w. Wymaga dokarmiania. Zastosowanie: do wisz\u0105cych doniczek i na balkony.<\/p>\n","protected":false},"excerpt":{"rendered":"<p>Ro\u015blina jednoroczna obficie kwitn\u0105ca o kwiatach w kszta\u0142cie kielich\u00f3w. Wymaga dokarmiania. Zastosowanie: do wisz\u0105cych doniczek i na balkony.<\/p>\n","protected":false},"featured_media":19333,"comment_status":"open","ping_status":"open","template":"","meta":{"inline_featured_image":false},"product_cat":[89,95],"product_tag":[],"acf":[],"featured_image":"https:\/\/torseed.eu\/app\/uploads\/2023\/03\/1307.jpg","_links":{"self":[{"href":"https:\/\/torseed.eu\/en\/wp-json\/wp\/v2\/product\/29683"}],"collection":[{"href":"https:\/\/torseed.eu\/en\/wp-json\/wp\/v2\/product"}],"about":[{"href":"https:\/\/torseed.eu\/en\/wp-json\/wp\/v2\/types\/product"}],"replies":[{"embeddable":true,"href":"https:\/\/torseed.eu\/en\/wp-json\/wp\/v2\/comments?post=29683"}],"version-history":[{"count":0,"href":"https:\/\/torseed.eu\/en\/wp-json\/wp\/v2\/product\/29683\/revisions"}],"wp:featuredmedia":[{"embeddable":true,"href":"https:\/\/torseed.eu\/en\/wp-json\/wp\/v2\/media\/19333"}],"wp:attachment":[{"href":"https:\/\/torseed.eu\/en\/wp-json\/wp\/v2\/media?parent=29683"}],"wp:term":[{"taxonomy":"product_cat","embeddable":true,"href":"https:\/\/torseed.eu\/en\/wp-json\/wp\/v2\/product_cat?post=29683"},{"taxonomy":"product_tag","embeddable":true,"href":"https:\/\/torseed.eu\/en\/wp-json\/wp\/v2\/product_tag?post=29683"}],"curies":[{"name":"wp","href":"https:\/\/api.w.org\/{rel}","templated":true}]}}