{"id":29691,"date":"2022-06-15T06:34:01","date_gmt":"2022-06-15T06:34:01","guid":{"rendered":"https:\/\/refactor-second-attempt.torseed.dev.greenparrot.pl\/produkt\/koleus-mieszanka\/"},"modified":"2023-03-29T18:03:59","modified_gmt":"2023-03-29T18:03:59","slug":"koleus-mieszanka","status":"publish","type":"product","link":"https:\/\/torseed.eu\/en\/produkt\/koleus-mieszanka\/","title":{"rendered":"Koleus mieszanka"},"content":{"rendered":"\n<p>Ro\u015blina jednoroczna o dekoracyjnych li\u015bciach. Wymaga gleby pr\u00f3chnicznej. Zastosowanie: na rabaty, obw\u00f3dki i do doniczek.<\/p>\n","protected":false},"excerpt":{"rendered":"<p>Ro\u015blina jednoroczna o dekoracyjnych li\u015bciach. Wymaga gleby pr\u00f3chnicznej. Zastosowanie: na rabaty, obw\u00f3dki i do doniczek.<\/p>\n","protected":false},"featured_media":19306,"comment_status":"open","ping_status":"open","template":"","meta":{"inline_featured_image":false},"product_cat":[89,95],"product_tag":[],"acf":[],"featured_image":"https:\/\/torseed.eu\/app\/uploads\/2023\/03\/1294.jpg","_links":{"self":[{"href":"https:\/\/torseed.eu\/en\/wp-json\/wp\/v2\/product\/29691"}],"collection":[{"href":"https:\/\/torseed.eu\/en\/wp-json\/wp\/v2\/product"}],"about":[{"href":"https:\/\/torseed.eu\/en\/wp-json\/wp\/v2\/types\/product"}],"replies":[{"embeddable":true,"href":"https:\/\/torseed.eu\/en\/wp-json\/wp\/v2\/comments?post=29691"}],"version-history":[{"count":0,"href":"https:\/\/torseed.eu\/en\/wp-json\/wp\/v2\/product\/29691\/revisions"}],"wp:featuredmedia":[{"embeddable":true,"href":"https:\/\/torseed.eu\/en\/wp-json\/wp\/v2\/media\/19306"}],"wp:attachment":[{"href":"https:\/\/torseed.eu\/en\/wp-json\/wp\/v2\/media?parent=29691"}],"wp:term":[{"taxonomy":"product_cat","embeddable":true,"href":"https:\/\/torseed.eu\/en\/wp-json\/wp\/v2\/product_cat?post=29691"},{"taxonomy":"product_tag","embeddable":true,"href":"https:\/\/torseed.eu\/en\/wp-json\/wp\/v2\/product_tag?post=29691"}],"curies":[{"name":"wp","href":"https:\/\/api.w.org\/{rel}","templated":true}]}}