{"id":29694,"date":"2022-06-15T06:33:59","date_gmt":"2022-06-15T06:33:59","guid":{"rendered":"https:\/\/refactor-second-attempt.torseed.dev.greenparrot.pl\/produkt\/fiolek-alpejski-cyklamen-mieszanka\/"},"modified":"2023-03-29T18:04:01","modified_gmt":"2023-03-29T18:04:01","slug":"fiolek-alpejski-cyklamen-mieszanka","status":"publish","type":"product","link":"https:\/\/torseed.eu\/en\/produkt\/fiolek-alpejski-cyklamen-mieszanka\/","title":{"rendered":"Fio\u0142ek alpejski (Cyklamen) mieszanka"},"content":{"rendered":"\n<p>Ro\u015blina szklarniowa o fantazyjnych r\u00f3\u017cnobarwnych kwiatach, osadzonych na d\u0142ugich szypu\u0142kach. Wymaga trzykrotnego pikowania w odst\u0119pach 4-6 tygodni. Zastosowanie: jako ro\u015blina doniczkowa i na kwiat ci\u0119ty.<\/p>\n","protected":false},"excerpt":{"rendered":"<p>Ro\u015blina szklarniowa o fantazyjnych r\u00f3\u017cnobarwnych kwiatach, osadzonych na d\u0142ugich szypu\u0142kach. Wymaga trzykrotnego pikowania w odst\u0119pach 4-6 tygodni. Zastosowanie: jako ro\u015blina doniczkowa i na kwiat ci\u0119ty.<\/p>\n","protected":false},"featured_media":19300,"comment_status":"open","ping_status":"open","template":"","meta":{"inline_featured_image":false},"product_cat":[89,95],"product_tag":[],"acf":[],"featured_image":"https:\/\/torseed.eu\/app\/uploads\/2023\/03\/1292.jpg","_links":{"self":[{"href":"https:\/\/torseed.eu\/en\/wp-json\/wp\/v2\/product\/29694"}],"collection":[{"href":"https:\/\/torseed.eu\/en\/wp-json\/wp\/v2\/product"}],"about":[{"href":"https:\/\/torseed.eu\/en\/wp-json\/wp\/v2\/types\/product"}],"replies":[{"embeddable":true,"href":"https:\/\/torseed.eu\/en\/wp-json\/wp\/v2\/comments?post=29694"}],"version-history":[{"count":0,"href":"https:\/\/torseed.eu\/en\/wp-json\/wp\/v2\/product\/29694\/revisions"}],"wp:featuredmedia":[{"embeddable":true,"href":"https:\/\/torseed.eu\/en\/wp-json\/wp\/v2\/media\/19300"}],"wp:attachment":[{"href":"https:\/\/torseed.eu\/en\/wp-json\/wp\/v2\/media?parent=29694"}],"wp:term":[{"taxonomy":"product_cat","embeddable":true,"href":"https:\/\/torseed.eu\/en\/wp-json\/wp\/v2\/product_cat?post=29694"},{"taxonomy":"product_tag","embeddable":true,"href":"https:\/\/torseed.eu\/en\/wp-json\/wp\/v2\/product_tag?post=29694"}],"curies":[{"name":"wp","href":"https:\/\/api.w.org\/{rel}","templated":true}]}}