{"id":29699,"date":"2022-06-15T06:33:55","date_gmt":"2022-06-15T06:33:55","guid":{"rendered":"https:\/\/refactor-second-attempt.torseed.dev.greenparrot.pl\/produkt\/begonia-stale-kwitnaca-rozowa-z-czerwonym-lisciem\/"},"modified":"2023-03-29T18:04:06","modified_gmt":"2023-03-29T18:04:06","slug":"begonia-stale-kwitnaca-rozowa-z-czerwonym-lisciem","status":"publish","type":"product","link":"https:\/\/torseed.eu\/en\/produkt\/begonia-stale-kwitnaca-rozowa-z-czerwonym-lisciem\/","title":{"rendered":"Begonia stale kwitn\u0105ca r\u00f3\u017cowa z czerwonym li\u015bciem"},"content":{"rendered":"\n<p>Ro\u015blina o licznych, drobnych kwiatach. Wymaga gleby \u017cyznej i pr\u00f3chnicznej. Zastosowanie: na balkony, rabaty, do uprawy w doniczkach.<\/p>\n","protected":false},"excerpt":{"rendered":"<p>Ro\u015blina o licznych, drobnych kwiatach. Wymaga gleby \u017cyznej i pr\u00f3chnicznej. Zastosowanie: na balkony, rabaty, do uprawy w doniczkach.<\/p>\n","protected":false},"featured_media":19288,"comment_status":"open","ping_status":"open","template":"","meta":{"inline_featured_image":false},"product_cat":[89,95],"product_tag":[],"acf":[],"featured_image":"https:\/\/torseed.eu\/app\/uploads\/2023\/03\/9097.jpg","_links":{"self":[{"href":"https:\/\/torseed.eu\/en\/wp-json\/wp\/v2\/product\/29699"}],"collection":[{"href":"https:\/\/torseed.eu\/en\/wp-json\/wp\/v2\/product"}],"about":[{"href":"https:\/\/torseed.eu\/en\/wp-json\/wp\/v2\/types\/product"}],"replies":[{"embeddable":true,"href":"https:\/\/torseed.eu\/en\/wp-json\/wp\/v2\/comments?post=29699"}],"version-history":[{"count":0,"href":"https:\/\/torseed.eu\/en\/wp-json\/wp\/v2\/product\/29699\/revisions"}],"wp:featuredmedia":[{"embeddable":true,"href":"https:\/\/torseed.eu\/en\/wp-json\/wp\/v2\/media\/19288"}],"wp:attachment":[{"href":"https:\/\/torseed.eu\/en\/wp-json\/wp\/v2\/media?parent=29699"}],"wp:term":[{"taxonomy":"product_cat","embeddable":true,"href":"https:\/\/torseed.eu\/en\/wp-json\/wp\/v2\/product_cat?post=29699"},{"taxonomy":"product_tag","embeddable":true,"href":"https:\/\/torseed.eu\/en\/wp-json\/wp\/v2\/product_tag?post=29699"}],"curies":[{"name":"wp","href":"https:\/\/api.w.org\/{rel}","templated":true}]}}