{"id":29702,"date":"2022-06-15T06:33:46","date_gmt":"2022-06-15T06:33:46","guid":{"rendered":"https:\/\/refactor-second-attempt.torseed.dev.greenparrot.pl\/produkt\/zlocien-rozowy-rozowoczerwony\/"},"modified":"2023-03-29T18:04:09","modified_gmt":"2023-03-29T18:04:09","slug":"zlocien-rozowy-rozowoczerwony","status":"publish","type":"product","link":"https:\/\/torseed.eu\/en\/produkt\/zlocien-rozowy-rozowoczerwony\/","title":{"rendered":"Z\u0142ocie\u0144 r\u00f3\u017cowy r\u00f3\u017cowoczerwony"},"content":{"rendered":"<p>Bylina o du\u017cych pojedynczych kwiatach. Wymaga gleby gliniasto-piaszczystej. Zastosowanie: na kwiat ci\u0119ty, rabaty bylinowe.<\/p>","protected":false},"excerpt":{"rendered":"<p>Bylina o du\u017cych pojedynczych kwiatach. Wymaga gleby gliniasto-piaszczystej. Zastosowanie: na kwiat ci\u0119ty, rabaty bylinowe.<\/p>\n","protected":false},"featured_media":19273,"comment_status":"open","ping_status":"open","template":"","meta":{"inline_featured_image":false},"product_cat":[89,91],"product_tag":[],"acf":[],"featured_image":"https:\/\/torseed.eu\/app\/uploads\/2023\/03\/1267.jpg","_links":{"self":[{"href":"https:\/\/torseed.eu\/en\/wp-json\/wp\/v2\/product\/29702"}],"collection":[{"href":"https:\/\/torseed.eu\/en\/wp-json\/wp\/v2\/product"}],"about":[{"href":"https:\/\/torseed.eu\/en\/wp-json\/wp\/v2\/types\/product"}],"replies":[{"embeddable":true,"href":"https:\/\/torseed.eu\/en\/wp-json\/wp\/v2\/comments?post=29702"}],"version-history":[{"count":0,"href":"https:\/\/torseed.eu\/en\/wp-json\/wp\/v2\/product\/29702\/revisions"}],"wp:featuredmedia":[{"embeddable":true,"href":"https:\/\/torseed.eu\/en\/wp-json\/wp\/v2\/media\/19273"}],"wp:attachment":[{"href":"https:\/\/torseed.eu\/en\/wp-json\/wp\/v2\/media?parent=29702"}],"wp:term":[{"taxonomy":"product_cat","embeddable":true,"href":"https:\/\/torseed.eu\/en\/wp-json\/wp\/v2\/product_cat?post=29702"},{"taxonomy":"product_tag","embeddable":true,"href":"https:\/\/torseed.eu\/en\/wp-json\/wp\/v2\/product_tag?post=29702"}],"curies":[{"name":"wp","href":"https:\/\/api.w.org\/{rel}","templated":true}]}}