{"id":29704,"date":"2022-06-15T06:33:45","date_gmt":"2022-06-15T06:33:45","guid":{"rendered":"https:\/\/refactor-second-attempt.torseed.dev.greenparrot.pl\/produkt\/wiesiolek-zolty\/"},"modified":"2023-03-29T18:04:10","modified_gmt":"2023-03-29T18:04:10","slug":"wiesiolek-zolty","status":"publish","type":"product","link":"https:\/\/torseed.eu\/en\/produkt\/wiesiolek-zolty\/","title":{"rendered":"Wiesio\u0142ek \u017c\u00f3\u0142ty"},"content":{"rendered":"<p>Bylina o du\u017cych, miseczkowatych kwiatach. Wymaga gleby przepuszczalnej, suchej. Zastosowanie: na rabaty bylinowe, do ogr\u00f3dk\u00f3w skalnych.<\/p>","protected":false},"excerpt":{"rendered":"<p>Bylina o du\u017cych, miseczkowatych kwiatach. Wymaga gleby przepuszczalnej, suchej. Zastosowanie: na rabaty bylinowe, do ogr\u00f3dk\u00f3w skalnych.<\/p>\n","protected":false},"featured_media":19270,"comment_status":"open","ping_status":"open","template":"","meta":{"inline_featured_image":false},"product_cat":[89,91],"product_tag":[],"acf":[],"featured_image":"https:\/\/torseed.eu\/app\/uploads\/2023\/03\/1259.jpg","_links":{"self":[{"href":"https:\/\/torseed.eu\/en\/wp-json\/wp\/v2\/product\/29704"}],"collection":[{"href":"https:\/\/torseed.eu\/en\/wp-json\/wp\/v2\/product"}],"about":[{"href":"https:\/\/torseed.eu\/en\/wp-json\/wp\/v2\/types\/product"}],"replies":[{"embeddable":true,"href":"https:\/\/torseed.eu\/en\/wp-json\/wp\/v2\/comments?post=29704"}],"version-history":[{"count":0,"href":"https:\/\/torseed.eu\/en\/wp-json\/wp\/v2\/product\/29704\/revisions"}],"wp:featuredmedia":[{"embeddable":true,"href":"https:\/\/torseed.eu\/en\/wp-json\/wp\/v2\/media\/19270"}],"wp:attachment":[{"href":"https:\/\/torseed.eu\/en\/wp-json\/wp\/v2\/media?parent=29704"}],"wp:term":[{"taxonomy":"product_cat","embeddable":true,"href":"https:\/\/torseed.eu\/en\/wp-json\/wp\/v2\/product_cat?post=29704"},{"taxonomy":"product_tag","embeddable":true,"href":"https:\/\/torseed.eu\/en\/wp-json\/wp\/v2\/product_tag?post=29704"}],"curies":[{"name":"wp","href":"https:\/\/api.w.org\/{rel}","templated":true}]}}