{"id":29706,"date":"2022-06-15T06:33:43","date_gmt":"2022-06-15T06:33:43","guid":{"rendered":"https:\/\/refactor-second-attempt.torseed.dev.greenparrot.pl\/produkt\/ubiorek-wiecznie-zielony-bialy\/"},"modified":"2023-03-29T18:04:25","modified_gmt":"2023-03-29T18:04:25","slug":"ubiorek-wiecznie-zielony-bialy","status":"publish","type":"product","link":"https:\/\/torseed.eu\/en\/produkt\/ubiorek-wiecznie-zielony-bialy\/","title":{"rendered":"Ubiorek wiecznie zielony bia\u0142y"},"content":{"rendered":"<p>Bylina o bia\u0142ych kwiatach, zebranych w baldachowate grona. Wymaga gleby \u017cyznej, lekkiej. Zastosowanie: do ogr\u00f3dk\u00f3w skalnych.<\/p>","protected":false},"excerpt":{"rendered":"<p>Bylina o bia\u0142ych kwiatach, zebranych w baldachowate grona. Wymaga gleby \u017cyznej, lekkiej. Zastosowanie: do ogr\u00f3dk\u00f3w skalnych.<\/p>\n","protected":false},"featured_media":19264,"comment_status":"open","ping_status":"open","template":"","meta":{"inline_featured_image":false},"product_cat":[89,91],"product_tag":[],"acf":[],"featured_image":"https:\/\/torseed.eu\/app\/uploads\/2023\/03\/1255.jpg","_links":{"self":[{"href":"https:\/\/torseed.eu\/en\/wp-json\/wp\/v2\/product\/29706"}],"collection":[{"href":"https:\/\/torseed.eu\/en\/wp-json\/wp\/v2\/product"}],"about":[{"href":"https:\/\/torseed.eu\/en\/wp-json\/wp\/v2\/types\/product"}],"replies":[{"embeddable":true,"href":"https:\/\/torseed.eu\/en\/wp-json\/wp\/v2\/comments?post=29706"}],"version-history":[{"count":0,"href":"https:\/\/torseed.eu\/en\/wp-json\/wp\/v2\/product\/29706\/revisions"}],"wp:featuredmedia":[{"embeddable":true,"href":"https:\/\/torseed.eu\/en\/wp-json\/wp\/v2\/media\/19264"}],"wp:attachment":[{"href":"https:\/\/torseed.eu\/en\/wp-json\/wp\/v2\/media?parent=29706"}],"wp:term":[{"taxonomy":"product_cat","embeddable":true,"href":"https:\/\/torseed.eu\/en\/wp-json\/wp\/v2\/product_cat?post=29706"},{"taxonomy":"product_tag","embeddable":true,"href":"https:\/\/torseed.eu\/en\/wp-json\/wp\/v2\/product_tag?post=29706"}],"curies":[{"name":"wp","href":"https:\/\/api.w.org\/{rel}","templated":true}]}}