{"id":29707,"date":"2022-06-15T06:33:42","date_gmt":"2022-06-15T06:33:42","guid":{"rendered":"https:\/\/refactor-second-attempt.torseed.dev.greenparrot.pl\/produkt\/trytoma-mieszanka\/"},"modified":"2023-03-29T18:04:25","modified_gmt":"2023-03-29T18:04:25","slug":"trytoma-mieszanka","status":"publish","type":"product","link":"https:\/\/torseed.eu\/en\/produkt\/trytoma-mieszanka\/","title":{"rendered":"Trytoma mieszanka"},"content":{"rendered":"<p>Bylina o rurkowatych pomara\u0144czowych zebranych w k\u0142os kwiatach. Wymaga gleby \u017cyznej , pr\u00f3chniczej. Zastosowanie: kwiat ci\u0119ty, wysokie rabaty.<\/p>","protected":false},"excerpt":{"rendered":"<p>Bylina o rurkowatych pomara\u0144czowych zebranych w k\u0142os kwiatach. Wymaga gleby \u017cyznej , pr\u00f3chniczej. Zastosowanie: kwiat ci\u0119ty, wysokie rabaty.<\/p>\n","protected":false},"featured_media":29471,"comment_status":"open","ping_status":"closed","template":"","meta":{"inline_featured_image":false},"product_cat":[89,91],"product_tag":[],"acf":[],"featured_image":"https:\/\/torseed.eu\/app\/uploads\/2023\/03\/1253.jpg","_links":{"self":[{"href":"https:\/\/torseed.eu\/en\/wp-json\/wp\/v2\/product\/29707"}],"collection":[{"href":"https:\/\/torseed.eu\/en\/wp-json\/wp\/v2\/product"}],"about":[{"href":"https:\/\/torseed.eu\/en\/wp-json\/wp\/v2\/types\/product"}],"replies":[{"embeddable":true,"href":"https:\/\/torseed.eu\/en\/wp-json\/wp\/v2\/comments?post=29707"}],"version-history":[{"count":0,"href":"https:\/\/torseed.eu\/en\/wp-json\/wp\/v2\/product\/29707\/revisions"}],"wp:featuredmedia":[{"embeddable":true,"href":"https:\/\/torseed.eu\/en\/wp-json\/wp\/v2\/media\/29471"}],"wp:attachment":[{"href":"https:\/\/torseed.eu\/en\/wp-json\/wp\/v2\/media?parent=29707"}],"wp:term":[{"taxonomy":"product_cat","embeddable":true,"href":"https:\/\/torseed.eu\/en\/wp-json\/wp\/v2\/product_cat?post=29707"},{"taxonomy":"product_tag","embeddable":true,"href":"https:\/\/torseed.eu\/en\/wp-json\/wp\/v2\/product_tag?post=29707"}],"curies":[{"name":"wp","href":"https:\/\/api.w.org\/{rel}","templated":true}]}}