{"id":29710,"date":"2022-06-15T06:33:40","date_gmt":"2022-06-15T06:33:40","guid":{"rendered":"https:\/\/refactor-second-attempt.torseed.dev.greenparrot.pl\/produkt\/trawa-pampasowa-biala\/"},"modified":"2023-03-29T18:04:28","modified_gmt":"2023-03-29T18:04:28","slug":"trawa-pampasowa-biala","status":"publish","type":"product","link":"https:\/\/torseed.eu\/en\/produkt\/trawa-pampasowa-biala\/","title":{"rendered":"Trawa pampasowa bia\u0142a"},"content":{"rendered":"<p>Trawa wieloletnia o okaza\u0142ych kwiatostanach. Wymaga gleby dobrze zdrenowanej. Zastosowanie: do suchych bukiet\u00f3w.<\/p>","protected":false},"excerpt":{"rendered":"<p>Trawa wieloletnia o okaza\u0142ych kwiatostanach. Wymaga gleby dobrze zdrenowanej. Zastosowanie: do suchych bukiet\u00f3w.<\/p>\n","protected":false},"featured_media":19252,"comment_status":"open","ping_status":"open","template":"","meta":{"inline_featured_image":false},"product_cat":[89,91],"product_tag":[],"acf":[],"featured_image":"https:\/\/torseed.eu\/app\/uploads\/2023\/03\/1248.jpg","_links":{"self":[{"href":"https:\/\/torseed.eu\/en\/wp-json\/wp\/v2\/product\/29710"}],"collection":[{"href":"https:\/\/torseed.eu\/en\/wp-json\/wp\/v2\/product"}],"about":[{"href":"https:\/\/torseed.eu\/en\/wp-json\/wp\/v2\/types\/product"}],"replies":[{"embeddable":true,"href":"https:\/\/torseed.eu\/en\/wp-json\/wp\/v2\/comments?post=29710"}],"version-history":[{"count":0,"href":"https:\/\/torseed.eu\/en\/wp-json\/wp\/v2\/product\/29710\/revisions"}],"wp:featuredmedia":[{"embeddable":true,"href":"https:\/\/torseed.eu\/en\/wp-json\/wp\/v2\/media\/19252"}],"wp:attachment":[{"href":"https:\/\/torseed.eu\/en\/wp-json\/wp\/v2\/media?parent=29710"}],"wp:term":[{"taxonomy":"product_cat","embeddable":true,"href":"https:\/\/torseed.eu\/en\/wp-json\/wp\/v2\/product_cat?post=29710"},{"taxonomy":"product_tag","embeddable":true,"href":"https:\/\/torseed.eu\/en\/wp-json\/wp\/v2\/product_tag?post=29710"}],"curies":[{"name":"wp","href":"https:\/\/api.w.org\/{rel}","templated":true}]}}