{"id":29711,"date":"2022-06-15T06:33:34","date_gmt":"2022-06-15T06:33:34","guid":{"rendered":"https:\/\/refactor-second-attempt.torseed.dev.greenparrot.pl\/produkt\/szczec-bezowa\/"},"modified":"2023-03-29T18:04:29","modified_gmt":"2023-03-29T18:04:29","slug":"szczec-bezowa","status":"publish","type":"product","link":"https:\/\/torseed.eu\/en\/produkt\/szczec-bezowa\/","title":{"rendered":"Szcze\u0107 be\u017cowa"},"content":{"rendered":"<p>Ro\u015blina dwuletnia o du\u017cych kwiatach w kszta\u0142cie szyszki. Wymaga gleby o odczynie  oboj\u0119tnym. Zastosowanie: do suchych bukiet\u00f3w.<\/p>","protected":false},"excerpt":{"rendered":"<p>Ro\u015blina dwuletnia o du\u017cych kwiatach w kszta\u0142cie szyszki. Wymaga gleby o odczynie oboj\u0119tnym. Zastosowanie: do suchych bukiet\u00f3w.<\/p>\n","protected":false},"featured_media":19249,"comment_status":"open","ping_status":"open","template":"","meta":{"inline_featured_image":false},"product_cat":[89,91],"product_tag":[],"acf":[],"featured_image":"https:\/\/torseed.eu\/app\/uploads\/2023\/03\/8860.jpg","_links":{"self":[{"href":"https:\/\/torseed.eu\/en\/wp-json\/wp\/v2\/product\/29711"}],"collection":[{"href":"https:\/\/torseed.eu\/en\/wp-json\/wp\/v2\/product"}],"about":[{"href":"https:\/\/torseed.eu\/en\/wp-json\/wp\/v2\/types\/product"}],"replies":[{"embeddable":true,"href":"https:\/\/torseed.eu\/en\/wp-json\/wp\/v2\/comments?post=29711"}],"version-history":[{"count":0,"href":"https:\/\/torseed.eu\/en\/wp-json\/wp\/v2\/product\/29711\/revisions"}],"wp:featuredmedia":[{"embeddable":true,"href":"https:\/\/torseed.eu\/en\/wp-json\/wp\/v2\/media\/19249"}],"wp:attachment":[{"href":"https:\/\/torseed.eu\/en\/wp-json\/wp\/v2\/media?parent=29711"}],"wp:term":[{"taxonomy":"product_cat","embeddable":true,"href":"https:\/\/torseed.eu\/en\/wp-json\/wp\/v2\/product_cat?post=29711"},{"taxonomy":"product_tag","embeddable":true,"href":"https:\/\/torseed.eu\/en\/wp-json\/wp\/v2\/product_tag?post=29711"}],"curies":[{"name":"wp","href":"https:\/\/api.w.org\/{rel}","templated":true}]}}