{"id":29712,"date":"2022-06-15T06:33:33","date_gmt":"2022-06-15T06:33:33","guid":{"rendered":"https:\/\/refactor-second-attempt.torseed.dev.greenparrot.pl\/produkt\/szarotka-alpejska-srebrzysto-biala\/"},"modified":"2023-03-29T18:04:30","modified_gmt":"2023-03-29T18:04:30","slug":"szarotka-alpejska-srebrzysto-biala","status":"publish","type":"product","link":"https:\/\/torseed.eu\/en\/produkt\/szarotka-alpejska-srebrzysto-biala\/","title":{"rendered":"Szarotka alpejska srebrzysto &#8211; bia\u0142a"},"content":{"rendered":"<p>Bylina o srebrzystobia\u0142ych kwiatach. Wymaga gleby mineralnej, wapiennej, przepuszczalnej. Zastosowanie: na rabaty, do ogr\u00f3dk\u00f3w skalnych i do zasuszania.<\/p>","protected":false},"excerpt":{"rendered":"<p>Bylina o srebrzystobia\u0142ych kwiatach. Wymaga gleby mineralnej, wapiennej, przepuszczalnej. Zastosowanie: na rabaty, do ogr\u00f3dk\u00f3w skalnych i do zasuszania.<\/p>\n","protected":false},"featured_media":19246,"comment_status":"open","ping_status":"open","template":"","meta":{"inline_featured_image":false},"product_cat":[89,91],"product_tag":[],"acf":[],"featured_image":"https:\/\/torseed.eu\/app\/uploads\/2023\/03\/1244.jpg","_links":{"self":[{"href":"https:\/\/torseed.eu\/en\/wp-json\/wp\/v2\/product\/29712"}],"collection":[{"href":"https:\/\/torseed.eu\/en\/wp-json\/wp\/v2\/product"}],"about":[{"href":"https:\/\/torseed.eu\/en\/wp-json\/wp\/v2\/types\/product"}],"replies":[{"embeddable":true,"href":"https:\/\/torseed.eu\/en\/wp-json\/wp\/v2\/comments?post=29712"}],"version-history":[{"count":0,"href":"https:\/\/torseed.eu\/en\/wp-json\/wp\/v2\/product\/29712\/revisions"}],"wp:featuredmedia":[{"embeddable":true,"href":"https:\/\/torseed.eu\/en\/wp-json\/wp\/v2\/media\/19246"}],"wp:attachment":[{"href":"https:\/\/torseed.eu\/en\/wp-json\/wp\/v2\/media?parent=29712"}],"wp:term":[{"taxonomy":"product_cat","embeddable":true,"href":"https:\/\/torseed.eu\/en\/wp-json\/wp\/v2\/product_cat?post=29712"},{"taxonomy":"product_tag","embeddable":true,"href":"https:\/\/torseed.eu\/en\/wp-json\/wp\/v2\/product_tag?post=29712"}],"curies":[{"name":"wp","href":"https:\/\/api.w.org\/{rel}","templated":true}]}}