{"id":29716,"date":"2022-06-15T06:33:30","date_gmt":"2022-06-15T06:33:30","guid":{"rendered":"https:\/\/refactor-second-attempt.torseed.dev.greenparrot.pl\/produkt\/stokrotka-wielkokwiatowa-biala\/"},"modified":"2023-03-29T18:04:34","modified_gmt":"2023-03-29T18:04:34","slug":"stokrotka-wielkokwiatowa-biala","status":"publish","type":"product","link":"https:\/\/torseed.eu\/en\/produkt\/stokrotka-wielkokwiatowa-biala\/","title":{"rendered":"Stokrotka wielkokwiatowa bia\u0142a"},"content":{"rendered":"<p>Ro\u015blina dwuletnia o r\u00f3\u017cnobarwnych kwiatach. Wymaga gleby \u017cyznej. Zastosowanie: na rabaty, obw\u00f3dki, na kwiat ci\u0119ty. <\/p>","protected":false},"excerpt":{"rendered":"<p>Ro\u015blina dwuletnia o r\u00f3\u017cnobarwnych kwiatach. Wymaga gleby \u017cyznej. Zastosowanie: na rabaty, obw\u00f3dki, na kwiat ci\u0119ty.<\/p>\n","protected":false},"featured_media":19237,"comment_status":"open","ping_status":"open","template":"","meta":{"inline_featured_image":false},"product_cat":[89,91],"product_tag":[],"acf":[],"featured_image":"https:\/\/torseed.eu\/app\/uploads\/2023\/03\/1239.jpg","_links":{"self":[{"href":"https:\/\/torseed.eu\/en\/wp-json\/wp\/v2\/product\/29716"}],"collection":[{"href":"https:\/\/torseed.eu\/en\/wp-json\/wp\/v2\/product"}],"about":[{"href":"https:\/\/torseed.eu\/en\/wp-json\/wp\/v2\/types\/product"}],"replies":[{"embeddable":true,"href":"https:\/\/torseed.eu\/en\/wp-json\/wp\/v2\/comments?post=29716"}],"version-history":[{"count":0,"href":"https:\/\/torseed.eu\/en\/wp-json\/wp\/v2\/product\/29716\/revisions"}],"wp:featuredmedia":[{"embeddable":true,"href":"https:\/\/torseed.eu\/en\/wp-json\/wp\/v2\/media\/19237"}],"wp:attachment":[{"href":"https:\/\/torseed.eu\/en\/wp-json\/wp\/v2\/media?parent=29716"}],"wp:term":[{"taxonomy":"product_cat","embeddable":true,"href":"https:\/\/torseed.eu\/en\/wp-json\/wp\/v2\/product_cat?post=29716"},{"taxonomy":"product_tag","embeddable":true,"href":"https:\/\/torseed.eu\/en\/wp-json\/wp\/v2\/product_tag?post=29716"}],"curies":[{"name":"wp","href":"https:\/\/api.w.org\/{rel}","templated":true}]}}