{"id":29722,"date":"2022-06-15T06:33:20","date_gmt":"2022-06-15T06:33:20","guid":{"rendered":"https:\/\/refactor-second-attempt.torseed.dev.greenparrot.pl\/produkt\/rudbekia-purpurowa-purpuroworozowa\/"},"modified":"2023-03-29T18:04:38","modified_gmt":"2023-03-29T18:04:38","slug":"rudbekia-purpurowa-purpuroworozowa","status":"publish","type":"product","link":"https:\/\/torseed.eu\/en\/produkt\/rudbekia-purpurowa-purpuroworozowa\/","title":{"rendered":"Rudbekia purpurowa purpurowor\u00f3\u017cowa"},"content":{"rendered":"<p>Bylina o du\u017cych kwiatach. Wymaga gleby \u017cyznej, dostatecznie wilgotnej. Zastosowanie: na kwiat ci\u0119ty, na wysokie rabaty.<\/p>","protected":false},"excerpt":{"rendered":"<p>Bylina o du\u017cych kwiatach. Wymaga gleby \u017cyznej, dostatecznie wilgotnej. Zastosowanie: na kwiat ci\u0119ty, na wysokie rabaty.<\/p>\n","protected":false},"featured_media":19219,"comment_status":"open","ping_status":"open","template":"","meta":{"inline_featured_image":false},"product_cat":[89,91],"product_tag":[],"acf":[],"featured_image":"https:\/\/torseed.eu\/app\/uploads\/2023\/03\/1225.jpg","_links":{"self":[{"href":"https:\/\/torseed.eu\/en\/wp-json\/wp\/v2\/product\/29722"}],"collection":[{"href":"https:\/\/torseed.eu\/en\/wp-json\/wp\/v2\/product"}],"about":[{"href":"https:\/\/torseed.eu\/en\/wp-json\/wp\/v2\/types\/product"}],"replies":[{"embeddable":true,"href":"https:\/\/torseed.eu\/en\/wp-json\/wp\/v2\/comments?post=29722"}],"version-history":[{"count":0,"href":"https:\/\/torseed.eu\/en\/wp-json\/wp\/v2\/product\/29722\/revisions"}],"wp:featuredmedia":[{"embeddable":true,"href":"https:\/\/torseed.eu\/en\/wp-json\/wp\/v2\/media\/19219"}],"wp:attachment":[{"href":"https:\/\/torseed.eu\/en\/wp-json\/wp\/v2\/media?parent=29722"}],"wp:term":[{"taxonomy":"product_cat","embeddable":true,"href":"https:\/\/torseed.eu\/en\/wp-json\/wp\/v2\/product_cat?post=29722"},{"taxonomy":"product_tag","embeddable":true,"href":"https:\/\/torseed.eu\/en\/wp-json\/wp\/v2\/product_tag?post=29722"}],"curies":[{"name":"wp","href":"https:\/\/api.w.org\/{rel}","templated":true}]}}