{"id":29725,"date":"2022-06-15T06:33:18","date_gmt":"2022-06-15T06:33:18","guid":{"rendered":"https:\/\/refactor-second-attempt.torseed.dev.greenparrot.pl\/produkt\/przymiotno-rozowe\/"},"modified":"2023-03-29T18:04:54","modified_gmt":"2023-03-29T18:04:54","slug":"przymiotno-rozowe","status":"publish","type":"product","link":"https:\/\/torseed.eu\/en\/produkt\/przymiotno-rozowe\/","title":{"rendered":"Przymiotno r\u00f3\u017cowe"},"content":{"rendered":"<p>Bylina rabatowa o kwiatach w odcieniach r\u00f3\u017cu i fioletu. Zastosowanie w ogr\u00f3dkach skalnych i na kwiat ci\u0119ty.<\/p>","protected":false},"excerpt":{"rendered":"<p>Bylina rabatowa o kwiatach w odcieniach r\u00f3\u017cu i fioletu. Zastosowanie w ogr\u00f3dkach skalnych i na kwiat ci\u0119ty.<\/p>\n","protected":false},"featured_media":19210,"comment_status":"open","ping_status":"open","template":"","meta":{"inline_featured_image":false},"product_cat":[89,91],"product_tag":[],"acf":[],"featured_image":"https:\/\/torseed.eu\/app\/uploads\/2023\/03\/8358.jpg","_links":{"self":[{"href":"https:\/\/torseed.eu\/en\/wp-json\/wp\/v2\/product\/29725"}],"collection":[{"href":"https:\/\/torseed.eu\/en\/wp-json\/wp\/v2\/product"}],"about":[{"href":"https:\/\/torseed.eu\/en\/wp-json\/wp\/v2\/types\/product"}],"replies":[{"embeddable":true,"href":"https:\/\/torseed.eu\/en\/wp-json\/wp\/v2\/comments?post=29725"}],"version-history":[{"count":0,"href":"https:\/\/torseed.eu\/en\/wp-json\/wp\/v2\/product\/29725\/revisions"}],"wp:featuredmedia":[{"embeddable":true,"href":"https:\/\/torseed.eu\/en\/wp-json\/wp\/v2\/media\/19210"}],"wp:attachment":[{"href":"https:\/\/torseed.eu\/en\/wp-json\/wp\/v2\/media?parent=29725"}],"wp:term":[{"taxonomy":"product_cat","embeddable":true,"href":"https:\/\/torseed.eu\/en\/wp-json\/wp\/v2\/product_cat?post=29725"},{"taxonomy":"product_tag","embeddable":true,"href":"https:\/\/torseed.eu\/en\/wp-json\/wp\/v2\/product_tag?post=29725"}],"curies":[{"name":"wp","href":"https:\/\/api.w.org\/{rel}","templated":true}]}}