{"id":29733,"date":"2022-06-15T06:33:06","date_gmt":"2022-06-15T06:33:06","guid":{"rendered":"https:\/\/refactor-second-attempt.torseed.dev.greenparrot.pl\/produkt\/odetka-wirginijska-mieszanka\/"},"modified":"2023-03-29T18:05:01","modified_gmt":"2023-03-29T18:05:01","slug":"odetka-wirginijska-mieszanka","status":"publish","type":"product","link":"https:\/\/torseed.eu\/en\/produkt\/odetka-wirginijska-mieszanka\/","title":{"rendered":"Od\u0119tka wirginijska mieszanka"},"content":{"rendered":"<p>Bylina o delikatnych kwiatach zebranych w d\u0142ugie kwiatostany. Wymaga gleby \u017cyznej. Zastosowanie: na kwiat ci\u0119ty, na rabaty.<\/p>","protected":false},"excerpt":{"rendered":"<p>Bylina o delikatnych kwiatach zebranych w d\u0142ugie kwiatostany. Wymaga gleby \u017cyznej. Zastosowanie: na kwiat ci\u0119ty, na rabaty.<\/p>\n","protected":false},"featured_media":19183,"comment_status":"open","ping_status":"open","template":"","meta":{"inline_featured_image":false},"product_cat":[89,91],"product_tag":[],"acf":[],"featured_image":"https:\/\/torseed.eu\/app\/uploads\/2023\/03\/7331.jpg","_links":{"self":[{"href":"https:\/\/torseed.eu\/en\/wp-json\/wp\/v2\/product\/29733"}],"collection":[{"href":"https:\/\/torseed.eu\/en\/wp-json\/wp\/v2\/product"}],"about":[{"href":"https:\/\/torseed.eu\/en\/wp-json\/wp\/v2\/types\/product"}],"replies":[{"embeddable":true,"href":"https:\/\/torseed.eu\/en\/wp-json\/wp\/v2\/comments?post=29733"}],"version-history":[{"count":0,"href":"https:\/\/torseed.eu\/en\/wp-json\/wp\/v2\/product\/29733\/revisions"}],"wp:featuredmedia":[{"embeddable":true,"href":"https:\/\/torseed.eu\/en\/wp-json\/wp\/v2\/media\/19183"}],"wp:attachment":[{"href":"https:\/\/torseed.eu\/en\/wp-json\/wp\/v2\/media?parent=29733"}],"wp:term":[{"taxonomy":"product_cat","embeddable":true,"href":"https:\/\/torseed.eu\/en\/wp-json\/wp\/v2\/product_cat?post=29733"},{"taxonomy":"product_tag","embeddable":true,"href":"https:\/\/torseed.eu\/en\/wp-json\/wp\/v2\/product_tag?post=29733"}],"curies":[{"name":"wp","href":"https:\/\/api.w.org\/{rel}","templated":true}]}}