{"id":29739,"date":"2022-06-15T06:33:01","date_gmt":"2022-06-15T06:33:01","guid":{"rendered":"https:\/\/refactor-second-attempt.torseed.dev.greenparrot.pl\/produkt\/mydlnica-rozowoczerwona\/"},"modified":"2023-03-29T18:05:07","modified_gmt":"2023-03-29T18:05:07","slug":"mydlnica-rozowoczerwona","status":"publish","type":"product","link":"https:\/\/torseed.eu\/en\/produkt\/mydlnica-rozowoczerwona\/","title":{"rendered":"Mydlnica r\u00f3\u017cowoczerwona"},"content":{"rendered":"<p>Bylina p\u0142o\u017c\u0105ca o drobnych r\u00f3\u017cowo-czerwonych kwiatach. Wymaga gleby  oboj\u0119tnej do lekko zasadowej. Zastosowanie: na rabaty bylinowe, do ogr\u00f3dk\u00f3w skalnych.<\/p>","protected":false},"excerpt":{"rendered":"<p>Bylina p\u0142o\u017c\u0105ca o drobnych r\u00f3\u017cowo-czerwonych kwiatach. Wymaga gleby oboj\u0119tnej do lekko zasadowej. Zastosowanie: na rabaty bylinowe, do ogr\u00f3dk\u00f3w skalnych.<\/p>\n","protected":false},"featured_media":19165,"comment_status":"open","ping_status":"open","template":"","meta":{"inline_featured_image":false},"product_cat":[89,91],"product_tag":[],"acf":[],"featured_image":"https:\/\/torseed.eu\/app\/uploads\/2023\/03\/1184.jpg","_links":{"self":[{"href":"https:\/\/torseed.eu\/en\/wp-json\/wp\/v2\/product\/29739"}],"collection":[{"href":"https:\/\/torseed.eu\/en\/wp-json\/wp\/v2\/product"}],"about":[{"href":"https:\/\/torseed.eu\/en\/wp-json\/wp\/v2\/types\/product"}],"replies":[{"embeddable":true,"href":"https:\/\/torseed.eu\/en\/wp-json\/wp\/v2\/comments?post=29739"}],"version-history":[{"count":0,"href":"https:\/\/torseed.eu\/en\/wp-json\/wp\/v2\/product\/29739\/revisions"}],"wp:featuredmedia":[{"embeddable":true,"href":"https:\/\/torseed.eu\/en\/wp-json\/wp\/v2\/media\/19165"}],"wp:attachment":[{"href":"https:\/\/torseed.eu\/en\/wp-json\/wp\/v2\/media?parent=29739"}],"wp:term":[{"taxonomy":"product_cat","embeddable":true,"href":"https:\/\/torseed.eu\/en\/wp-json\/wp\/v2\/product_cat?post=29739"},{"taxonomy":"product_tag","embeddable":true,"href":"https:\/\/torseed.eu\/en\/wp-json\/wp\/v2\/product_tag?post=29739"}],"curies":[{"name":"wp","href":"https:\/\/api.w.org\/{rel}","templated":true}]}}