{"id":29746,"date":"2022-06-15T06:32:50","date_gmt":"2022-06-15T06:32:50","guid":{"rendered":"https:\/\/refactor-second-attempt.torseed.dev.greenparrot.pl\/produkt\/miechunka-pomaranczowa\/"},"modified":"2023-03-29T18:05:26","modified_gmt":"2023-03-29T18:05:26","slug":"miechunka-pomaranczowa","status":"publish","type":"product","link":"https:\/\/torseed.eu\/en\/produkt\/miechunka-pomaranczowa\/","title":{"rendered":"Miechunka pomara\u0144czowa"},"content":{"rendered":"<p>Bylina o dekoracyjnych owocostanach w kszta\u0142cie lampion\u00f3w. Wymaga gleby przepuszczalnej. Zastosowanie: do suchych bukiet\u00f3w, na rabaty bylinowe.<\/p>","protected":false},"excerpt":{"rendered":"<p>Bylina o dekoracyjnych owocostanach w kszta\u0142cie lampion\u00f3w. Wymaga gleby przepuszczalnej. Zastosowanie: do suchych bukiet\u00f3w, na rabaty bylinowe.<\/p>\n","protected":false},"featured_media":19144,"comment_status":"open","ping_status":"open","template":"","meta":{"inline_featured_image":false},"product_cat":[89,91],"product_tag":[],"acf":[],"featured_image":"https:\/\/torseed.eu\/app\/uploads\/2023\/03\/1176.jpg","_links":{"self":[{"href":"https:\/\/torseed.eu\/en\/wp-json\/wp\/v2\/product\/29746"}],"collection":[{"href":"https:\/\/torseed.eu\/en\/wp-json\/wp\/v2\/product"}],"about":[{"href":"https:\/\/torseed.eu\/en\/wp-json\/wp\/v2\/types\/product"}],"replies":[{"embeddable":true,"href":"https:\/\/torseed.eu\/en\/wp-json\/wp\/v2\/comments?post=29746"}],"version-history":[{"count":0,"href":"https:\/\/torseed.eu\/en\/wp-json\/wp\/v2\/product\/29746\/revisions"}],"wp:featuredmedia":[{"embeddable":true,"href":"https:\/\/torseed.eu\/en\/wp-json\/wp\/v2\/media\/19144"}],"wp:attachment":[{"href":"https:\/\/torseed.eu\/en\/wp-json\/wp\/v2\/media?parent=29746"}],"wp:term":[{"taxonomy":"product_cat","embeddable":true,"href":"https:\/\/torseed.eu\/en\/wp-json\/wp\/v2\/product_cat?post=29746"},{"taxonomy":"product_tag","embeddable":true,"href":"https:\/\/torseed.eu\/en\/wp-json\/wp\/v2\/product_tag?post=29746"}],"curies":[{"name":"wp","href":"https:\/\/api.w.org\/{rel}","templated":true}]}}