{"id":29749,"date":"2022-06-15T06:32:48","date_gmt":"2022-06-15T06:32:48","guid":{"rendered":"https:\/\/refactor-second-attempt.torseed.dev.greenparrot.pl\/produkt\/macierzanka-purpurowa\/"},"modified":"2023-03-29T18:05:28","modified_gmt":"2023-03-29T18:05:28","slug":"macierzanka-purpurowa","status":"publish","type":"product","link":"https:\/\/torseed.eu\/en\/produkt\/macierzanka-purpurowa\/","title":{"rendered":"Macierzanka purpurowa"},"content":{"rendered":"<p>Bylina o drobnych kwiatach, zebranych w g\u0142\u00f3wkowate kwiatostany. Wymaga gleby przepuszczalnej, suchej. Zastosowanie: na obw\u00f3dki, murki, do ogr\u00f3dk\u00f3w skalnych.<\/p>","protected":false},"excerpt":{"rendered":"<p>Bylina o drobnych kwiatach, zebranych w g\u0142\u00f3wkowate kwiatostany. Wymaga gleby przepuszczalnej, suchej. Zastosowanie: na obw\u00f3dki, murki, do ogr\u00f3dk\u00f3w skalnych.<\/p>\n","protected":false},"featured_media":19135,"comment_status":"open","ping_status":"open","template":"","meta":{"inline_featured_image":false},"product_cat":[89,91],"product_tag":[],"acf":[],"featured_image":"https:\/\/torseed.eu\/app\/uploads\/2023\/03\/1170.jpg","_links":{"self":[{"href":"https:\/\/torseed.eu\/en\/wp-json\/wp\/v2\/product\/29749"}],"collection":[{"href":"https:\/\/torseed.eu\/en\/wp-json\/wp\/v2\/product"}],"about":[{"href":"https:\/\/torseed.eu\/en\/wp-json\/wp\/v2\/types\/product"}],"replies":[{"embeddable":true,"href":"https:\/\/torseed.eu\/en\/wp-json\/wp\/v2\/comments?post=29749"}],"version-history":[{"count":0,"href":"https:\/\/torseed.eu\/en\/wp-json\/wp\/v2\/product\/29749\/revisions"}],"wp:featuredmedia":[{"embeddable":true,"href":"https:\/\/torseed.eu\/en\/wp-json\/wp\/v2\/media\/19135"}],"wp:attachment":[{"href":"https:\/\/torseed.eu\/en\/wp-json\/wp\/v2\/media?parent=29749"}],"wp:term":[{"taxonomy":"product_cat","embeddable":true,"href":"https:\/\/torseed.eu\/en\/wp-json\/wp\/v2\/product_cat?post=29749"},{"taxonomy":"product_tag","embeddable":true,"href":"https:\/\/torseed.eu\/en\/wp-json\/wp\/v2\/product_tag?post=29749"}],"curies":[{"name":"wp","href":"https:\/\/api.w.org\/{rel}","templated":true}]}}