{"id":29756,"date":"2022-06-15T06:32:37","date_gmt":"2022-06-15T06:32:37","guid":{"rendered":"https:\/\/refactor-second-attempt.torseed.dev.greenparrot.pl\/produkt\/len-trwaly-niebieski\/"},"modified":"2023-03-29T18:05:35","modified_gmt":"2023-03-29T18:05:35","slug":"len-trwaly-niebieski","status":"publish","type":"product","link":"https:\/\/torseed.eu\/en\/produkt\/len-trwaly-niebieski\/","title":{"rendered":"Len trwa\u0142y niebieski"},"content":{"rendered":"<p>Bylina o delikatnych, pojedynczych niebieskich kwiatach. Wymaga gleby pr\u00f3chnicznej, przepuszczalnej. Zastosowanie na rabaty, do suchych bukiet\u00f3w.<\/p>","protected":false},"excerpt":{"rendered":"<p>Bylina o delikatnych, pojedynczych niebieskich kwiatach. Wymaga gleby pr\u00f3chnicznej, przepuszczalnej. Zastosowanie na rabaty, do suchych bukiet\u00f3w.<\/p>\n","protected":false},"featured_media":19114,"comment_status":"open","ping_status":"open","template":"","meta":{"inline_featured_image":false},"product_cat":[89,91],"product_tag":[],"acf":[],"featured_image":"https:\/\/torseed.eu\/app\/uploads\/2023\/03\/1159.jpg","_links":{"self":[{"href":"https:\/\/torseed.eu\/en\/wp-json\/wp\/v2\/product\/29756"}],"collection":[{"href":"https:\/\/torseed.eu\/en\/wp-json\/wp\/v2\/product"}],"about":[{"href":"https:\/\/torseed.eu\/en\/wp-json\/wp\/v2\/types\/product"}],"replies":[{"embeddable":true,"href":"https:\/\/torseed.eu\/en\/wp-json\/wp\/v2\/comments?post=29756"}],"version-history":[{"count":0,"href":"https:\/\/torseed.eu\/en\/wp-json\/wp\/v2\/product\/29756\/revisions"}],"wp:featuredmedia":[{"embeddable":true,"href":"https:\/\/torseed.eu\/en\/wp-json\/wp\/v2\/media\/19114"}],"wp:attachment":[{"href":"https:\/\/torseed.eu\/en\/wp-json\/wp\/v2\/media?parent=29756"}],"wp:term":[{"taxonomy":"product_cat","embeddable":true,"href":"https:\/\/torseed.eu\/en\/wp-json\/wp\/v2\/product_cat?post=29756"},{"taxonomy":"product_tag","embeddable":true,"href":"https:\/\/torseed.eu\/en\/wp-json\/wp\/v2\/product_tag?post=29756"}],"curies":[{"name":"wp","href":"https:\/\/api.w.org\/{rel}","templated":true}]}}