{"id":29761,"date":"2022-06-15T06:32:27","date_gmt":"2022-06-15T06:32:27","guid":{"rendered":"https:\/\/refactor-second-attempt.torseed.dev.greenparrot.pl\/produkt\/karczoch-hiszpanski-amarantowy\/"},"modified":"2023-03-29T18:05:39","modified_gmt":"2023-03-29T18:05:39","slug":"karczoch-hiszpanski-amarantowy","status":"publish","type":"product","link":"https:\/\/torseed.eu\/en\/produkt\/karczoch-hiszpanski-amarantowy\/","title":{"rendered":"Karczoch hiszpa\u0144ski amarantowy"},"content":{"rendered":"<p>Bylina o du\u017cych kwiatach. Wymaga gleby \u017cyznej, pr\u00f3chnicznej. Zastosowanie: na kwiat ci\u0119ty i na rabaty bylinowe.<\/p>","protected":false},"excerpt":{"rendered":"<p>Bylina o du\u017cych kwiatach. Wymaga gleby \u017cyznej, pr\u00f3chnicznej. Zastosowanie: na kwiat ci\u0119ty i na rabaty bylinowe.<\/p>\n","protected":false},"featured_media":19096,"comment_status":"open","ping_status":"open","template":"","meta":{"inline_featured_image":false},"product_cat":[89,91],"product_tag":[],"acf":[],"featured_image":"https:\/\/torseed.eu\/app\/uploads\/2023\/03\/1147.jpg","_links":{"self":[{"href":"https:\/\/torseed.eu\/en\/wp-json\/wp\/v2\/product\/29761"}],"collection":[{"href":"https:\/\/torseed.eu\/en\/wp-json\/wp\/v2\/product"}],"about":[{"href":"https:\/\/torseed.eu\/en\/wp-json\/wp\/v2\/types\/product"}],"replies":[{"embeddable":true,"href":"https:\/\/torseed.eu\/en\/wp-json\/wp\/v2\/comments?post=29761"}],"version-history":[{"count":0,"href":"https:\/\/torseed.eu\/en\/wp-json\/wp\/v2\/product\/29761\/revisions"}],"wp:featuredmedia":[{"embeddable":true,"href":"https:\/\/torseed.eu\/en\/wp-json\/wp\/v2\/media\/19096"}],"wp:attachment":[{"href":"https:\/\/torseed.eu\/en\/wp-json\/wp\/v2\/media?parent=29761"}],"wp:term":[{"taxonomy":"product_cat","embeddable":true,"href":"https:\/\/torseed.eu\/en\/wp-json\/wp\/v2\/product_cat?post=29761"},{"taxonomy":"product_tag","embeddable":true,"href":"https:\/\/torseed.eu\/en\/wp-json\/wp\/v2\/product_tag?post=29761"}],"curies":[{"name":"wp","href":"https:\/\/api.w.org\/{rel}","templated":true}]}}