{"id":29764,"date":"2022-06-15T06:32:25","date_gmt":"2022-06-15T06:32:25","guid":{"rendered":"https:\/\/refactor-second-attempt.torseed.dev.greenparrot.pl\/produkt\/gozdzik-siny-rozowy\/"},"modified":"2023-03-29T18:05:42","modified_gmt":"2023-03-29T18:05:42","slug":"gozdzik-siny-rozowy","status":"publish","type":"product","link":"https:\/\/torseed.eu\/en\/produkt\/gozdzik-siny-rozowy\/","title":{"rendered":"Go\u017adzik siny r\u00f3\u017cowy"},"content":{"rendered":"<p>Bylina przeznaczona do uprawy na skalniakach i obw\u00f3dkach rabatowych, tworz\u0105ca rozstaj\u0105ce si\u0119 na szeroko\u015b\u0107 bardzo dekoracyjne, srebrzysto-zielone poduszki z bardzo du\u017c\u0105 ilo\u015bci\u0105 niskich i pi\u0119knie pachn\u0105cych kwiat\u00f3w. Wymaga gleb pr\u00f3chniczych i przepuszczalnych o odczynie oboj\u0119tnym lub zasadowym. Preferuje stanowiska s\u0142oneczne.<\/p>","protected":false},"excerpt":{"rendered":"<p>Bylina przeznaczona do uprawy na skalniakach i obw\u00f3dkach rabatowych, tworz\u0105ca rozstaj\u0105ce si\u0119 na szeroko\u015b\u0107 bardzo dekoracyjne, srebrzysto-zielone poduszki z bardzo du\u017c\u0105 ilo\u015bci\u0105 niskich i pi\u0119knie pachn\u0105cych kwiat\u00f3w. Wymaga gleb pr\u00f3chniczych i przepuszczalnych o odczynie oboj\u0119tnym lub zasadowym. Preferuje stanowiska s\u0142oneczne.<\/p>\n","protected":false},"featured_media":19090,"comment_status":"open","ping_status":"open","template":"","meta":{"inline_featured_image":false},"product_cat":[89,91,129],"product_tag":[],"acf":[],"featured_image":"https:\/\/torseed.eu\/app\/uploads\/2023\/03\/9092.jpg","_links":{"self":[{"href":"https:\/\/torseed.eu\/en\/wp-json\/wp\/v2\/product\/29764"}],"collection":[{"href":"https:\/\/torseed.eu\/en\/wp-json\/wp\/v2\/product"}],"about":[{"href":"https:\/\/torseed.eu\/en\/wp-json\/wp\/v2\/types\/product"}],"replies":[{"embeddable":true,"href":"https:\/\/torseed.eu\/en\/wp-json\/wp\/v2\/comments?post=29764"}],"version-history":[{"count":0,"href":"https:\/\/torseed.eu\/en\/wp-json\/wp\/v2\/product\/29764\/revisions"}],"wp:featuredmedia":[{"embeddable":true,"href":"https:\/\/torseed.eu\/en\/wp-json\/wp\/v2\/media\/19090"}],"wp:attachment":[{"href":"https:\/\/torseed.eu\/en\/wp-json\/wp\/v2\/media?parent=29764"}],"wp:term":[{"taxonomy":"product_cat","embeddable":true,"href":"https:\/\/torseed.eu\/en\/wp-json\/wp\/v2\/product_cat?post=29764"},{"taxonomy":"product_tag","embeddable":true,"href":"https:\/\/torseed.eu\/en\/wp-json\/wp\/v2\/product_tag?post=29764"}],"curies":[{"name":"wp","href":"https:\/\/api.w.org\/{rel}","templated":true}]}}