{"id":29777,"date":"2022-06-15T06:32:10","date_gmt":"2022-06-15T06:32:10","guid":{"rendered":"https:\/\/refactor-second-attempt.torseed.dev.greenparrot.pl\/produkt\/dzwonek-brzoskwiniolistny-niebieski\/"},"modified":"2023-03-29T18:06:07","modified_gmt":"2023-03-29T18:06:07","slug":"dzwonek-brzoskwiniolistny-niebieski","status":"publish","type":"product","link":"https:\/\/torseed.eu\/en\/produkt\/dzwonek-brzoskwiniolistny-niebieski\/","title":{"rendered":"Dzwonek brzoskwiniolistny niebieski"},"content":{"rendered":"<p>Bylina o r\u00f3\u017cnobarwnych kwiatach. Wymaga gleby suchej, piaszczysto-gliniastej, przepuszczalnej. Zastosowanie: na kwiat ci\u0119ty, rabaty.<\/p>","protected":false},"excerpt":{"rendered":"<p>Bylina o r\u00f3\u017cnobarwnych kwiatach. Wymaga gleby suchej, piaszczysto-gliniastej, przepuszczalnej. Zastosowanie: na kwiat ci\u0119ty, rabaty.<\/p>\n","protected":false},"featured_media":29121,"comment_status":"open","ping_status":"closed","template":"","meta":{"inline_featured_image":false},"product_cat":[89,91],"product_tag":[],"acf":[],"featured_image":"https:\/\/torseed.eu\/app\/uploads\/2023\/03\/1123.jpg","_links":{"self":[{"href":"https:\/\/torseed.eu\/en\/wp-json\/wp\/v2\/product\/29777"}],"collection":[{"href":"https:\/\/torseed.eu\/en\/wp-json\/wp\/v2\/product"}],"about":[{"href":"https:\/\/torseed.eu\/en\/wp-json\/wp\/v2\/types\/product"}],"replies":[{"embeddable":true,"href":"https:\/\/torseed.eu\/en\/wp-json\/wp\/v2\/comments?post=29777"}],"version-history":[{"count":0,"href":"https:\/\/torseed.eu\/en\/wp-json\/wp\/v2\/product\/29777\/revisions"}],"wp:featuredmedia":[{"embeddable":true,"href":"https:\/\/torseed.eu\/en\/wp-json\/wp\/v2\/media\/29121"}],"wp:attachment":[{"href":"https:\/\/torseed.eu\/en\/wp-json\/wp\/v2\/media?parent=29777"}],"wp:term":[{"taxonomy":"product_cat","embeddable":true,"href":"https:\/\/torseed.eu\/en\/wp-json\/wp\/v2\/product_cat?post=29777"},{"taxonomy":"product_tag","embeddable":true,"href":"https:\/\/torseed.eu\/en\/wp-json\/wp\/v2\/product_tag?post=29777"}],"curies":[{"name":"wp","href":"https:\/\/api.w.org\/{rel}","templated":true}]}}