{"id":29782,"date":"2022-06-15T06:32:00","date_gmt":"2022-06-15T06:32:00","guid":{"rendered":"https:\/\/refactor-second-attempt.torseed.dev.greenparrot.pl\/produkt\/chaber-wielkokwiatowy-zolty\/"},"modified":"2023-03-29T18:06:11","modified_gmt":"2023-03-29T18:06:11","slug":"chaber-wielkokwiatowy-zolty","status":"publish","type":"product","link":"https:\/\/torseed.eu\/en\/produkt\/chaber-wielkokwiatowy-zolty\/","title":{"rendered":"Chaber wielkokwiatowy \u017c\u00f3\u0142ty"},"content":{"rendered":"<p>Bylina o du\u017cych \u017c\u00f3\u0142tych kwiatach. Wymaga gleby \u017cyznej, dostatecznie wilgotnej. Zastosowanie: na kwiat ci\u0119ty, rabaty.<\/p>","protected":false},"excerpt":{"rendered":"<p>Bylina o du\u017cych \u017c\u00f3\u0142tych kwiatach. Wymaga gleby \u017cyznej, dostatecznie wilgotnej. Zastosowanie: na kwiat ci\u0119ty, rabaty.<\/p>\n","protected":false},"featured_media":19033,"comment_status":"open","ping_status":"open","template":"","meta":{"inline_featured_image":false},"product_cat":[89,91],"product_tag":[],"acf":[],"featured_image":"https:\/\/torseed.eu\/app\/uploads\/2023\/03\/1109.jpg","_links":{"self":[{"href":"https:\/\/torseed.eu\/en\/wp-json\/wp\/v2\/product\/29782"}],"collection":[{"href":"https:\/\/torseed.eu\/en\/wp-json\/wp\/v2\/product"}],"about":[{"href":"https:\/\/torseed.eu\/en\/wp-json\/wp\/v2\/types\/product"}],"replies":[{"embeddable":true,"href":"https:\/\/torseed.eu\/en\/wp-json\/wp\/v2\/comments?post=29782"}],"version-history":[{"count":0,"href":"https:\/\/torseed.eu\/en\/wp-json\/wp\/v2\/product\/29782\/revisions"}],"wp:featuredmedia":[{"embeddable":true,"href":"https:\/\/torseed.eu\/en\/wp-json\/wp\/v2\/media\/19033"}],"wp:attachment":[{"href":"https:\/\/torseed.eu\/en\/wp-json\/wp\/v2\/media?parent=29782"}],"wp:term":[{"taxonomy":"product_cat","embeddable":true,"href":"https:\/\/torseed.eu\/en\/wp-json\/wp\/v2\/product_cat?post=29782"},{"taxonomy":"product_tag","embeddable":true,"href":"https:\/\/torseed.eu\/en\/wp-json\/wp\/v2\/product_tag?post=29782"}],"curies":[{"name":"wp","href":"https:\/\/api.w.org\/{rel}","templated":true}]}}