{"id":29783,"date":"2022-06-15T06:32:00","date_gmt":"2022-06-15T06:32:00","guid":{"rendered":"https:\/\/refactor-second-attempt.torseed.dev.greenparrot.pl\/produkt\/driakiew-kaukaska-niebieska\/"},"modified":"2023-03-29T18:06:12","modified_gmt":"2023-03-29T18:06:12","slug":"driakiew-kaukaska-niebieska","status":"publish","type":"product","link":"https:\/\/torseed.eu\/en\/produkt\/driakiew-kaukaska-niebieska\/","title":{"rendered":"Driakiew kaukaska niebieska"},"content":{"rendered":"<p>Ro\u015blina wieloletnia o du\u017cych kwiatach barwy niebiesko fioletowej. Udaje si\u0119 na ka\u017cdej glebie. Zastosowanie: grupy, rabaty bylinowe, na kwiat ci\u0119ty.<\/p>","protected":false},"excerpt":{"rendered":"<p>Ro\u015blina wieloletnia o du\u017cych kwiatach barwy niebiesko fioletowej. Udaje si\u0119 na ka\u017cdej glebie. Zastosowanie: grupy, rabaty bylinowe, na kwiat ci\u0119ty.<\/p>\n","protected":false},"featured_media":19036,"comment_status":"open","ping_status":"open","template":"","meta":{"inline_featured_image":false},"product_cat":[89,91],"product_tag":[],"acf":[],"featured_image":"https:\/\/torseed.eu\/app\/uploads\/2023\/03\/1111.jpg","_links":{"self":[{"href":"https:\/\/torseed.eu\/en\/wp-json\/wp\/v2\/product\/29783"}],"collection":[{"href":"https:\/\/torseed.eu\/en\/wp-json\/wp\/v2\/product"}],"about":[{"href":"https:\/\/torseed.eu\/en\/wp-json\/wp\/v2\/types\/product"}],"replies":[{"embeddable":true,"href":"https:\/\/torseed.eu\/en\/wp-json\/wp\/v2\/comments?post=29783"}],"version-history":[{"count":0,"href":"https:\/\/torseed.eu\/en\/wp-json\/wp\/v2\/product\/29783\/revisions"}],"wp:featuredmedia":[{"embeddable":true,"href":"https:\/\/torseed.eu\/en\/wp-json\/wp\/v2\/media\/19036"}],"wp:attachment":[{"href":"https:\/\/torseed.eu\/en\/wp-json\/wp\/v2\/media?parent=29783"}],"wp:term":[{"taxonomy":"product_cat","embeddable":true,"href":"https:\/\/torseed.eu\/en\/wp-json\/wp\/v2\/product_cat?post=29783"},{"taxonomy":"product_tag","embeddable":true,"href":"https:\/\/torseed.eu\/en\/wp-json\/wp\/v2\/product_tag?post=29783"}],"curies":[{"name":"wp","href":"https:\/\/api.w.org\/{rel}","templated":true}]}}