{"id":29791,"date":"2022-06-15T06:31:48","date_gmt":"2022-06-15T06:31:48","guid":{"rendered":"https:\/\/refactor-second-attempt.torseed.dev.greenparrot.pl\/produkt\/bratek-wielkokwiatowy-bialy\/"},"modified":"2023-03-29T18:06:32","modified_gmt":"2023-03-29T18:06:32","slug":"bratek-wielkokwiatowy-bialy","status":"publish","type":"product","link":"https:\/\/torseed.eu\/en\/produkt\/bratek-wielkokwiatowy-bialy\/","title":{"rendered":"Bratek wielkokwiatowy bia\u0142y"},"content":{"rendered":"<p>Ro\u015blina dwuletnia o bardzo du\u017cych kwiatach. Udaje si\u0119 na ka\u017cdej glebie. Zastosowanie: na rabaty, obw\u00f3dki, balkony.<\/p>","protected":false},"excerpt":{"rendered":"<p>Ro\u015blina dwuletnia o bardzo du\u017cych kwiatach. Udaje si\u0119 na ka\u017cdej glebie. Zastosowanie: na rabaty, obw\u00f3dki, balkony.<\/p>\n","protected":false},"featured_media":19009,"comment_status":"open","ping_status":"open","template":"","meta":{"inline_featured_image":false},"product_cat":[89,91],"product_tag":[],"acf":[],"featured_image":"https:\/\/torseed.eu\/app\/uploads\/2023\/03\/1099.jpg","_links":{"self":[{"href":"https:\/\/torseed.eu\/en\/wp-json\/wp\/v2\/product\/29791"}],"collection":[{"href":"https:\/\/torseed.eu\/en\/wp-json\/wp\/v2\/product"}],"about":[{"href":"https:\/\/torseed.eu\/en\/wp-json\/wp\/v2\/types\/product"}],"replies":[{"embeddable":true,"href":"https:\/\/torseed.eu\/en\/wp-json\/wp\/v2\/comments?post=29791"}],"version-history":[{"count":0,"href":"https:\/\/torseed.eu\/en\/wp-json\/wp\/v2\/product\/29791\/revisions"}],"wp:featuredmedia":[{"embeddable":true,"href":"https:\/\/torseed.eu\/en\/wp-json\/wp\/v2\/media\/19009"}],"wp:attachment":[{"href":"https:\/\/torseed.eu\/en\/wp-json\/wp\/v2\/media?parent=29791"}],"wp:term":[{"taxonomy":"product_cat","embeddable":true,"href":"https:\/\/torseed.eu\/en\/wp-json\/wp\/v2\/product_cat?post=29791"},{"taxonomy":"product_tag","embeddable":true,"href":"https:\/\/torseed.eu\/en\/wp-json\/wp\/v2\/product_tag?post=29791"}],"curies":[{"name":"wp","href":"https:\/\/api.w.org\/{rel}","templated":true}]}}