{"id":29798,"date":"2022-06-15T06:31:41","date_gmt":"2022-06-15T06:31:41","guid":{"rendered":"https:\/\/refactor-second-attempt.torseed.dev.greenparrot.pl\/produkt\/zlotokwiat-dimorfoteka-mieszanka\/"},"modified":"2023-03-29T18:06:38","modified_gmt":"2023-03-29T18:06:38","slug":"zlotokwiat-dimorfoteka-mieszanka","status":"publish","type":"product","link":"https:\/\/torseed.eu\/en\/produkt\/zlotokwiat-dimorfoteka-mieszanka\/","title":{"rendered":"Z\u0142otokwiat (Dimorfoteka) mieszanka"},"content":{"rendered":"<p>Ro\u015blina jednoroczna o r\u00f3\u017cnobarwnych kwiatach, zamykaj\u0105cych si\u0119 na noc. Wymaga gleby lekkiej, przepuszczalnej. Zastosowanie: na kwiat ci\u0119ty, rabaty, obw\u00f3dki.<\/p>","protected":false},"excerpt":{"rendered":"<p>Ro\u015blina jednoroczna o r\u00f3\u017cnobarwnych kwiatach, zamykaj\u0105cych si\u0119 na noc. Wymaga gleby lekkiej, przepuszczalnej. Zastosowanie: na kwiat ci\u0119ty, rabaty, obw\u00f3dki.<\/p>\n","protected":false},"featured_media":18988,"comment_status":"open","ping_status":"open","template":"","meta":{"inline_featured_image":false},"product_cat":[89,93],"product_tag":[],"acf":[],"featured_image":"https:\/\/torseed.eu\/app\/uploads\/2023\/03\/1086.jpg","_links":{"self":[{"href":"https:\/\/torseed.eu\/en\/wp-json\/wp\/v2\/product\/29798"}],"collection":[{"href":"https:\/\/torseed.eu\/en\/wp-json\/wp\/v2\/product"}],"about":[{"href":"https:\/\/torseed.eu\/en\/wp-json\/wp\/v2\/types\/product"}],"replies":[{"embeddable":true,"href":"https:\/\/torseed.eu\/en\/wp-json\/wp\/v2\/comments?post=29798"}],"version-history":[{"count":0,"href":"https:\/\/torseed.eu\/en\/wp-json\/wp\/v2\/product\/29798\/revisions"}],"wp:featuredmedia":[{"embeddable":true,"href":"https:\/\/torseed.eu\/en\/wp-json\/wp\/v2\/media\/18988"}],"wp:attachment":[{"href":"https:\/\/torseed.eu\/en\/wp-json\/wp\/v2\/media?parent=29798"}],"wp:term":[{"taxonomy":"product_cat","embeddable":true,"href":"https:\/\/torseed.eu\/en\/wp-json\/wp\/v2\/product_cat?post=29798"},{"taxonomy":"product_tag","embeddable":true,"href":"https:\/\/torseed.eu\/en\/wp-json\/wp\/v2\/product_tag?post=29798"}],"curies":[{"name":"wp","href":"https:\/\/api.w.org\/{rel}","templated":true}]}}