{"id":29799,"date":"2022-06-15T06:31:40","date_gmt":"2022-06-15T06:31:40","guid":{"rendered":"https:\/\/refactor-second-attempt.torseed.dev.greenparrot.pl\/produkt\/zlocien-polny-zolty-z-czarnym-srodkiem\/"},"modified":"2023-03-29T18:06:39","modified_gmt":"2023-03-29T18:06:39","slug":"zlocien-polny-zolty-z-czarnym-srodkiem","status":"publish","type":"product","link":"https:\/\/torseed.eu\/en\/produkt\/zlocien-polny-zolty-z-czarnym-srodkiem\/","title":{"rendered":"Z\u0142ocie\u0144 polny \u017c\u00f3\u0142ty z czarnym \u015brodkiem"},"content":{"rendered":"<p>Ro\u015blina jednoroczna o p\u0119dach wzniesionych, zako\u0144czonych licznymi koszyczkami kwiatowymi. Wymaga gleby \u017cyznej. Zastosowanie: na kwiat ci\u0119ty i na rabaty.<\/p>","protected":false},"excerpt":{"rendered":"<p>Ro\u015blina jednoroczna o p\u0119dach wzniesionych, zako\u0144czonych licznymi koszyczkami kwiatowymi. Wymaga gleby \u017cyznej. Zastosowanie: na kwiat ci\u0119ty i na rabaty.<\/p>\n","protected":false},"featured_media":18982,"comment_status":"open","ping_status":"open","template":"","meta":{"inline_featured_image":false},"product_cat":[89,93],"product_tag":[],"acf":[],"featured_image":"https:\/\/torseed.eu\/app\/uploads\/2023\/03\/1082.jpg","_links":{"self":[{"href":"https:\/\/torseed.eu\/en\/wp-json\/wp\/v2\/product\/29799"}],"collection":[{"href":"https:\/\/torseed.eu\/en\/wp-json\/wp\/v2\/product"}],"about":[{"href":"https:\/\/torseed.eu\/en\/wp-json\/wp\/v2\/types\/product"}],"replies":[{"embeddable":true,"href":"https:\/\/torseed.eu\/en\/wp-json\/wp\/v2\/comments?post=29799"}],"version-history":[{"count":0,"href":"https:\/\/torseed.eu\/en\/wp-json\/wp\/v2\/product\/29799\/revisions"}],"wp:featuredmedia":[{"embeddable":true,"href":"https:\/\/torseed.eu\/en\/wp-json\/wp\/v2\/media\/18982"}],"wp:attachment":[{"href":"https:\/\/torseed.eu\/en\/wp-json\/wp\/v2\/media?parent=29799"}],"wp:term":[{"taxonomy":"product_cat","embeddable":true,"href":"https:\/\/torseed.eu\/en\/wp-json\/wp\/v2\/product_cat?post=29799"},{"taxonomy":"product_tag","embeddable":true,"href":"https:\/\/torseed.eu\/en\/wp-json\/wp\/v2\/product_tag?post=29799"}],"curies":[{"name":"wp","href":"https:\/\/api.w.org\/{rel}","templated":true}]}}