{"id":29803,"date":"2022-06-15T06:31:31","date_gmt":"2022-06-15T06:31:31","guid":{"rendered":"https:\/\/refactor-second-attempt.torseed.dev.greenparrot.pl\/produkt\/wilczomlecz-bialobrzegi-zielonobiale-przylistki\/"},"modified":"2023-03-29T18:06:43","modified_gmt":"2023-03-29T18:06:43","slug":"wilczomlecz-bialobrzegi-zielonobiale-przylistki","status":"publish","type":"product","link":"https:\/\/torseed.eu\/en\/produkt\/wilczomlecz-bialobrzegi-zielonobiale-przylistki\/","title":{"rendered":"Wilczomlecz bia\u0142obrzegi zielonobia\u0142e przylistki"},"content":{"rendered":"<p>Ro\u015blina jednoroczna ozdobna, o bia\u0142o obrze\u017conych li\u015bciach. Najlepiej ro\u015bnie na glebach przepuszczalnych, pr\u00f3chnicznych. Zastosowanie: na rabaty, szpalery, doskona\u0142y jako rozja\u015bnienie kompozycji.<\/p>","protected":false},"excerpt":{"rendered":"<p>Ro\u015blina jednoroczna ozdobna, o bia\u0142o obrze\u017conych li\u015bciach. Najlepiej ro\u015bnie na glebach przepuszczalnych, pr\u00f3chnicznych. Zastosowanie: na rabaty, szpalery, doskona\u0142y jako rozja\u015bnienie kompozycji.<\/p>\n","protected":false},"featured_media":18967,"comment_status":"open","ping_status":"open","template":"","meta":{"inline_featured_image":false},"product_cat":[89,93],"product_tag":[],"acf":[],"featured_image":"https:\/\/torseed.eu\/app\/uploads\/2023\/03\/1074.jpg","_links":{"self":[{"href":"https:\/\/torseed.eu\/en\/wp-json\/wp\/v2\/product\/29803"}],"collection":[{"href":"https:\/\/torseed.eu\/en\/wp-json\/wp\/v2\/product"}],"about":[{"href":"https:\/\/torseed.eu\/en\/wp-json\/wp\/v2\/types\/product"}],"replies":[{"embeddable":true,"href":"https:\/\/torseed.eu\/en\/wp-json\/wp\/v2\/comments?post=29803"}],"version-history":[{"count":0,"href":"https:\/\/torseed.eu\/en\/wp-json\/wp\/v2\/product\/29803\/revisions"}],"wp:featuredmedia":[{"embeddable":true,"href":"https:\/\/torseed.eu\/en\/wp-json\/wp\/v2\/media\/18967"}],"wp:attachment":[{"href":"https:\/\/torseed.eu\/en\/wp-json\/wp\/v2\/media?parent=29803"}],"wp:term":[{"taxonomy":"product_cat","embeddable":true,"href":"https:\/\/torseed.eu\/en\/wp-json\/wp\/v2\/product_cat?post=29803"},{"taxonomy":"product_tag","embeddable":true,"href":"https:\/\/torseed.eu\/en\/wp-json\/wp\/v2\/product_tag?post=29803"}],"curies":[{"name":"wp","href":"https:\/\/api.w.org\/{rel}","templated":true}]}}