{"id":29804,"date":"2022-06-15T06:31:31","date_gmt":"2022-06-15T06:31:31","guid":{"rendered":"https:\/\/refactor-second-attempt.torseed.dev.greenparrot.pl\/produkt\/wilec-purpurowy-mieszanka\/"},"modified":"2023-03-29T18:06:43","modified_gmt":"2023-03-29T18:06:43","slug":"wilec-purpurowy-mieszanka","status":"publish","type":"product","link":"https:\/\/torseed.eu\/en\/produkt\/wilec-purpurowy-mieszanka\/","title":{"rendered":"Wilec purpurowy mieszanka"},"content":{"rendered":"<p>Ro\u015blina jednoroczna pn\u0105ca o kolorowych, delikatnych, lejkowatych kwiatach. Ro\u015bnie dobrze w ka\u017cdej glebie, dostatecznie wilgotnej. Zastosowanie: do okrywania balkon\u00f3w, altan.<\/p>","protected":false},"excerpt":{"rendered":"<p>Ro\u015blina jednoroczna pn\u0105ca o kolorowych, delikatnych, lejkowatych kwiatach. Ro\u015bnie dobrze w ka\u017cdej glebie, dostatecznie wilgotnej. Zastosowanie: do okrywania balkon\u00f3w, altan.<\/p>\n","protected":false},"featured_media":18970,"comment_status":"open","ping_status":"open","template":"","meta":{"inline_featured_image":false},"product_cat":[89,93],"product_tag":[],"acf":[],"featured_image":"https:\/\/torseed.eu\/app\/uploads\/2023\/03\/1076.jpg","_links":{"self":[{"href":"https:\/\/torseed.eu\/en\/wp-json\/wp\/v2\/product\/29804"}],"collection":[{"href":"https:\/\/torseed.eu\/en\/wp-json\/wp\/v2\/product"}],"about":[{"href":"https:\/\/torseed.eu\/en\/wp-json\/wp\/v2\/types\/product"}],"replies":[{"embeddable":true,"href":"https:\/\/torseed.eu\/en\/wp-json\/wp\/v2\/comments?post=29804"}],"version-history":[{"count":0,"href":"https:\/\/torseed.eu\/en\/wp-json\/wp\/v2\/product\/29804\/revisions"}],"wp:featuredmedia":[{"embeddable":true,"href":"https:\/\/torseed.eu\/en\/wp-json\/wp\/v2\/media\/18970"}],"wp:attachment":[{"href":"https:\/\/torseed.eu\/en\/wp-json\/wp\/v2\/media?parent=29804"}],"wp:term":[{"taxonomy":"product_cat","embeddable":true,"href":"https:\/\/torseed.eu\/en\/wp-json\/wp\/v2\/product_cat?post=29804"},{"taxonomy":"product_tag","embeddable":true,"href":"https:\/\/torseed.eu\/en\/wp-json\/wp\/v2\/product_tag?post=29804"}],"curies":[{"name":"wp","href":"https:\/\/api.w.org\/{rel}","templated":true}]}}