{"id":29807,"date":"2022-06-15T06:31:28","date_gmt":"2022-06-15T06:31:28","guid":{"rendered":"https:\/\/refactor-second-attempt.torseed.dev.greenparrot.pl\/produkt\/werbena-mieszanka\/"},"modified":"2023-03-29T18:06:59","modified_gmt":"2023-03-29T18:06:59","slug":"werbena-mieszanka","status":"publish","type":"product","link":"https:\/\/torseed.eu\/en\/produkt\/werbena-mieszanka\/","title":{"rendered":"Werbena mieszanka"},"content":{"rendered":"<p>Ro\u015blina jednoroczna o r\u00f3\u017cnobarwnych kwiatach. Wymaga gleby \u017cyznej, przepuszczalnej. Zastosowanie: na rabaty, obw\u00f3dki, kwietniki..<\/p>","protected":false},"excerpt":{"rendered":"<p>Ro\u015blina jednoroczna o r\u00f3\u017cnobarwnych kwiatach. Wymaga gleby \u017cyznej, przepuszczalnej. Zastosowanie: na rabaty, obw\u00f3dki, kwietniki..<\/p>\n","protected":false},"featured_media":18955,"comment_status":"open","ping_status":"open","template":"","meta":{"inline_featured_image":false},"product_cat":[89,93],"product_tag":[],"acf":[],"featured_image":"https:\/\/torseed.eu\/app\/uploads\/2023\/03\/1066.jpg","_links":{"self":[{"href":"https:\/\/torseed.eu\/en\/wp-json\/wp\/v2\/product\/29807"}],"collection":[{"href":"https:\/\/torseed.eu\/en\/wp-json\/wp\/v2\/product"}],"about":[{"href":"https:\/\/torseed.eu\/en\/wp-json\/wp\/v2\/types\/product"}],"replies":[{"embeddable":true,"href":"https:\/\/torseed.eu\/en\/wp-json\/wp\/v2\/comments?post=29807"}],"version-history":[{"count":0,"href":"https:\/\/torseed.eu\/en\/wp-json\/wp\/v2\/product\/29807\/revisions"}],"wp:featuredmedia":[{"embeddable":true,"href":"https:\/\/torseed.eu\/en\/wp-json\/wp\/v2\/media\/18955"}],"wp:attachment":[{"href":"https:\/\/torseed.eu\/en\/wp-json\/wp\/v2\/media?parent=29807"}],"wp:term":[{"taxonomy":"product_cat","embeddable":true,"href":"https:\/\/torseed.eu\/en\/wp-json\/wp\/v2\/product_cat?post=29807"},{"taxonomy":"product_tag","embeddable":true,"href":"https:\/\/torseed.eu\/en\/wp-json\/wp\/v2\/product_tag?post=29807"}],"curies":[{"name":"wp","href":"https:\/\/api.w.org\/{rel}","templated":true}]}}