{"id":29811,"date":"2022-06-15T06:31:20","date_gmt":"2022-06-15T06:31:20","guid":{"rendered":"https:\/\/refactor-second-attempt.torseed.dev.greenparrot.pl\/produkt\/uczep-zlocisty-zolty\/"},"modified":"2023-03-29T18:07:02","modified_gmt":"2023-03-29T18:07:02","slug":"uczep-zlocisty-zolty","status":"publish","type":"product","link":"https:\/\/torseed.eu\/en\/produkt\/uczep-zlocisty-zolty\/","title":{"rendered":"Uczep z\u0142ocisty \u017c\u00f3\u0142ty"},"content":{"rendered":"<p>Ro\u015blina jednoroczna o \u017c\u00f3\u0142tych drobnych kwiatach. Wymaga gleby \u017cyznej, wilgotnej. Zastosowanie: na balkony, do wisz\u0105cych pojemnik\u00f3w i rabaty.<\/p>","protected":false},"excerpt":{"rendered":"<p>Ro\u015blina jednoroczna o \u017c\u00f3\u0142tych drobnych kwiatach. Wymaga gleby \u017cyznej, wilgotnej. Zastosowanie: na balkony, do wisz\u0105cych pojemnik\u00f3w i rabaty.<\/p>\n","protected":false},"featured_media":18949,"comment_status":"open","ping_status":"open","template":"","meta":{"inline_featured_image":false},"product_cat":[89,93],"product_tag":[],"acf":[],"featured_image":"https:\/\/torseed.eu\/app\/uploads\/2023\/03\/1059.jpg","_links":{"self":[{"href":"https:\/\/torseed.eu\/en\/wp-json\/wp\/v2\/product\/29811"}],"collection":[{"href":"https:\/\/torseed.eu\/en\/wp-json\/wp\/v2\/product"}],"about":[{"href":"https:\/\/torseed.eu\/en\/wp-json\/wp\/v2\/types\/product"}],"replies":[{"embeddable":true,"href":"https:\/\/torseed.eu\/en\/wp-json\/wp\/v2\/comments?post=29811"}],"version-history":[{"count":0,"href":"https:\/\/torseed.eu\/en\/wp-json\/wp\/v2\/product\/29811\/revisions"}],"wp:featuredmedia":[{"embeddable":true,"href":"https:\/\/torseed.eu\/en\/wp-json\/wp\/v2\/media\/18949"}],"wp:attachment":[{"href":"https:\/\/torseed.eu\/en\/wp-json\/wp\/v2\/media?parent=29811"}],"wp:term":[{"taxonomy":"product_cat","embeddable":true,"href":"https:\/\/torseed.eu\/en\/wp-json\/wp\/v2\/product_cat?post=29811"},{"taxonomy":"product_tag","embeddable":true,"href":"https:\/\/torseed.eu\/en\/wp-json\/wp\/v2\/product_tag?post=29811"}],"curies":[{"name":"wp","href":"https:\/\/api.w.org\/{rel}","templated":true}]}}