{"id":29815,"date":"2022-06-15T06:31:17","date_gmt":"2022-06-15T06:31:17","guid":{"rendered":"https:\/\/refactor-second-attempt.torseed.dev.greenparrot.pl\/produkt\/tunbergia-pnacze-zolte-z-czarnym-oczkiem\/"},"modified":"2023-03-29T18:07:06","modified_gmt":"2023-03-29T18:07:06","slug":"tunbergia-pnacze-zolte-z-czarnym-oczkiem","status":"publish","type":"product","link":"https:\/\/torseed.eu\/en\/produkt\/tunbergia-pnacze-zolte-z-czarnym-oczkiem\/","title":{"rendered":"Tunbergia pn\u0105cze &#8211; \u017c\u00f3\u0142te z czarnym oczkiem"},"content":{"rendered":"<p>Ro\u015blina jednoroczna, pn\u0105ca lub p\u0142o\u017c\u0105ca si\u0119. Wymaga gleby \u017cyznej, przepuszczalnej. Zastosowanie: do uprawy w pojemnikach, do okrywania balkon\u00f3w, pergoli.<\/p>","protected":false},"excerpt":{"rendered":"<p>Ro\u015blina jednoroczna, pn\u0105ca lub p\u0142o\u017c\u0105ca si\u0119. Wymaga gleby \u017cyznej, przepuszczalnej. Zastosowanie: do uprawy w pojemnikach, do okrywania balkon\u00f3w, pergoli.<\/p>\n","protected":false},"featured_media":28926,"comment_status":"open","ping_status":"closed","template":"","meta":{"inline_featured_image":false},"product_cat":[89,93],"product_tag":[],"acf":[],"featured_image":"https:\/\/torseed.eu\/app\/uploads\/2023\/03\/1052.jpg","_links":{"self":[{"href":"https:\/\/torseed.eu\/en\/wp-json\/wp\/v2\/product\/29815"}],"collection":[{"href":"https:\/\/torseed.eu\/en\/wp-json\/wp\/v2\/product"}],"about":[{"href":"https:\/\/torseed.eu\/en\/wp-json\/wp\/v2\/types\/product"}],"replies":[{"embeddable":true,"href":"https:\/\/torseed.eu\/en\/wp-json\/wp\/v2\/comments?post=29815"}],"version-history":[{"count":0,"href":"https:\/\/torseed.eu\/en\/wp-json\/wp\/v2\/product\/29815\/revisions"}],"wp:featuredmedia":[{"embeddable":true,"href":"https:\/\/torseed.eu\/en\/wp-json\/wp\/v2\/media\/28926"}],"wp:attachment":[{"href":"https:\/\/torseed.eu\/en\/wp-json\/wp\/v2\/media?parent=29815"}],"wp:term":[{"taxonomy":"product_cat","embeddable":true,"href":"https:\/\/torseed.eu\/en\/wp-json\/wp\/v2\/product_cat?post=29815"},{"taxonomy":"product_tag","embeddable":true,"href":"https:\/\/torseed.eu\/en\/wp-json\/wp\/v2\/product_tag?post=29815"}],"curies":[{"name":"wp","href":"https:\/\/api.w.org\/{rel}","templated":true}]}}