{"id":29818,"date":"2022-06-15T06:31:14","date_gmt":"2022-06-15T06:31:14","guid":{"rendered":"https:\/\/refactor-second-attempt.torseed.dev.greenparrot.pl\/produkt\/tolpis-zolty\/"},"modified":"2023-03-29T18:07:09","modified_gmt":"2023-03-29T18:07:09","slug":"tolpis-zolty","status":"publish","type":"product","link":"https:\/\/torseed.eu\/en\/produkt\/tolpis-zolty\/","title":{"rendered":"Tolpis \u017c\u00f3\u0142ty"},"content":{"rendered":"<p>Ro\u015blina jednoroczna, silnie krzewi\u0105ca o z\u0142oto\u017c\u00f3\u0142tych kwiatostanach. Udaje si\u0119 na ka\u017cdej glebie. Zastosowanie: na rabaty, kwietniki i na kwiat ci\u0119ty.<\/p>","protected":false},"excerpt":{"rendered":"<p>Ro\u015blina jednoroczna, silnie krzewi\u0105ca o z\u0142oto\u017c\u00f3\u0142tych kwiatostanach. Udaje si\u0119 na ka\u017cdej glebie. Zastosowanie: na rabaty, kwietniki i na kwiat ci\u0119ty.<\/p>\n","protected":false},"featured_media":18925,"comment_status":"open","ping_status":"open","template":"","meta":{"inline_featured_image":false},"product_cat":[89,93],"product_tag":[],"acf":[],"featured_image":"https:\/\/torseed.eu\/app\/uploads\/2023\/03\/1046.jpg","_links":{"self":[{"href":"https:\/\/torseed.eu\/en\/wp-json\/wp\/v2\/product\/29818"}],"collection":[{"href":"https:\/\/torseed.eu\/en\/wp-json\/wp\/v2\/product"}],"about":[{"href":"https:\/\/torseed.eu\/en\/wp-json\/wp\/v2\/types\/product"}],"replies":[{"embeddable":true,"href":"https:\/\/torseed.eu\/en\/wp-json\/wp\/v2\/comments?post=29818"}],"version-history":[{"count":0,"href":"https:\/\/torseed.eu\/en\/wp-json\/wp\/v2\/product\/29818\/revisions"}],"wp:featuredmedia":[{"embeddable":true,"href":"https:\/\/torseed.eu\/en\/wp-json\/wp\/v2\/media\/18925"}],"wp:attachment":[{"href":"https:\/\/torseed.eu\/en\/wp-json\/wp\/v2\/media?parent=29818"}],"wp:term":[{"taxonomy":"product_cat","embeddable":true,"href":"https:\/\/torseed.eu\/en\/wp-json\/wp\/v2\/product_cat?post=29818"},{"taxonomy":"product_tag","embeddable":true,"href":"https:\/\/torseed.eu\/en\/wp-json\/wp\/v2\/product_tag?post=29818"}],"curies":[{"name":"wp","href":"https:\/\/api.w.org\/{rel}","templated":true}]}}