{"id":29821,"date":"2022-06-15T06:31:07","date_gmt":"2022-06-15T06:31:07","guid":{"rendered":"https:\/\/refactor-second-attempt.torseed.dev.greenparrot.pl\/produkt\/slazowka-ogrodowa-rozowa\/"},"modified":"2023-03-29T18:07:11","modified_gmt":"2023-03-29T18:07:11","slug":"slazowka-ogrodowa-rozowa","status":"publish","type":"product","link":"https:\/\/torseed.eu\/en\/produkt\/slazowka-ogrodowa-rozowa\/","title":{"rendered":"\u015alaz\u00f3wka ogrodowa r\u00f3\u017cowa"},"content":{"rendered":"<p>Ro\u015blina jednoroczna o du\u017cych, pi\u0119ciop\u0142atkowych kwiatach. Wymaga gleby lekkiej, przepuszczalnej. Zastosowanie: na kwiat ciety, na rabaty.<\/p>","protected":false},"excerpt":{"rendered":"<p>Ro\u015blina jednoroczna o du\u017cych, pi\u0119ciop\u0142atkowych kwiatach. Wymaga gleby lekkiej, przepuszczalnej. Zastosowanie: na kwiat ciety, na rabaty.<\/p>\n","protected":false},"featured_media":18919,"comment_status":"open","ping_status":"open","template":"","meta":{"inline_featured_image":false},"product_cat":[89,93],"product_tag":[],"acf":[],"featured_image":"https:\/\/torseed.eu\/app\/uploads\/2023\/03\/1041.jpg","_links":{"self":[{"href":"https:\/\/torseed.eu\/en\/wp-json\/wp\/v2\/product\/29821"}],"collection":[{"href":"https:\/\/torseed.eu\/en\/wp-json\/wp\/v2\/product"}],"about":[{"href":"https:\/\/torseed.eu\/en\/wp-json\/wp\/v2\/types\/product"}],"replies":[{"embeddable":true,"href":"https:\/\/torseed.eu\/en\/wp-json\/wp\/v2\/comments?post=29821"}],"version-history":[{"count":0,"href":"https:\/\/torseed.eu\/en\/wp-json\/wp\/v2\/product\/29821\/revisions"}],"wp:featuredmedia":[{"embeddable":true,"href":"https:\/\/torseed.eu\/en\/wp-json\/wp\/v2\/media\/18919"}],"wp:attachment":[{"href":"https:\/\/torseed.eu\/en\/wp-json\/wp\/v2\/media?parent=29821"}],"wp:term":[{"taxonomy":"product_cat","embeddable":true,"href":"https:\/\/torseed.eu\/en\/wp-json\/wp\/v2\/product_cat?post=29821"},{"taxonomy":"product_tag","embeddable":true,"href":"https:\/\/torseed.eu\/en\/wp-json\/wp\/v2\/product_tag?post=29821"}],"curies":[{"name":"wp","href":"https:\/\/api.w.org\/{rel}","templated":true}]}}