{"id":29822,"date":"2022-06-15T06:31:05","date_gmt":"2022-06-15T06:31:05","guid":{"rendered":"https:\/\/refactor-second-attempt.torseed.dev.greenparrot.pl\/produkt\/szarlat-wiechowaty-ciemnoczerwony\/"},"modified":"2023-03-29T18:07:12","modified_gmt":"2023-03-29T18:07:12","slug":"szarlat-wiechowaty-ciemnoczerwony","status":"publish","type":"product","link":"https:\/\/torseed.eu\/en\/produkt\/szarlat-wiechowaty-ciemnoczerwony\/","title":{"rendered":"Szar\u0142at wiechowaty ciemnoczerwony"},"content":{"rendered":"<p>Ro\u015blina jednoroczna, ozdobna ze wzgl\u0119du na ciemnoczerwone zabarwienie li\u015bci i kwiatostan\u00f3w. Wymaga gleby \u017cyznej, g\u0142\u0119boko uprawionej. Zastosowanie: do wysadzania pojedynczo lub w grupach, na kwiat ci\u0119ty i do suchych bukiet\u00f3w.<\/p>","protected":false},"excerpt":{"rendered":"<p>Ro\u015blina jednoroczna, ozdobna ze wzgl\u0119du na ciemnoczerwone zabarwienie li\u015bci i kwiatostan\u00f3w. Wymaga gleby \u017cyznej, g\u0142\u0119boko uprawionej. Zastosowanie: do wysadzania pojedynczo lub w grupach, na kwiat ci\u0119ty i do suchych bukiet\u00f3w.<\/p>\n","protected":false},"featured_media":18913,"comment_status":"open","ping_status":"open","template":"","meta":{"inline_featured_image":false},"product_cat":[89,93],"product_tag":[],"acf":[],"featured_image":"https:\/\/torseed.eu\/app\/uploads\/2023\/03\/9586.jpg","_links":{"self":[{"href":"https:\/\/torseed.eu\/en\/wp-json\/wp\/v2\/product\/29822"}],"collection":[{"href":"https:\/\/torseed.eu\/en\/wp-json\/wp\/v2\/product"}],"about":[{"href":"https:\/\/torseed.eu\/en\/wp-json\/wp\/v2\/types\/product"}],"replies":[{"embeddable":true,"href":"https:\/\/torseed.eu\/en\/wp-json\/wp\/v2\/comments?post=29822"}],"version-history":[{"count":0,"href":"https:\/\/torseed.eu\/en\/wp-json\/wp\/v2\/product\/29822\/revisions"}],"wp:featuredmedia":[{"embeddable":true,"href":"https:\/\/torseed.eu\/en\/wp-json\/wp\/v2\/media\/18913"}],"wp:attachment":[{"href":"https:\/\/torseed.eu\/en\/wp-json\/wp\/v2\/media?parent=29822"}],"wp:term":[{"taxonomy":"product_cat","embeddable":true,"href":"https:\/\/torseed.eu\/en\/wp-json\/wp\/v2\/product_cat?post=29822"},{"taxonomy":"product_tag","embeddable":true,"href":"https:\/\/torseed.eu\/en\/wp-json\/wp\/v2\/product_tag?post=29822"}],"curies":[{"name":"wp","href":"https:\/\/api.w.org\/{rel}","templated":true}]}}