{"id":29823,"date":"2022-06-15T06:31:04","date_gmt":"2022-06-15T06:31:04","guid":{"rendered":"https:\/\/refactor-second-attempt.torseed.dev.greenparrot.pl\/produkt\/szarlat-ogrodowy-ciemnoczerwony\/"},"modified":"2023-03-29T18:07:13","modified_gmt":"2023-03-29T18:07:13","slug":"szarlat-ogrodowy-ciemnoczerwony","status":"publish","type":"product","link":"https:\/\/torseed.eu\/en\/produkt\/szarlat-ogrodowy-ciemnoczerwony\/","title":{"rendered":"Szar\u0142at ogrodowy ciemnoczerwony"},"content":{"rendered":"<p>Ro\u015blina o kwiatach zebranych w grube, zwisaj\u0105ce k\u0142osy, barwy ciemnoczerwonej. Wymaga gleby \u017cyznej g\u0142eboko uprawionej. Zastosowanie: do tworzenia wi\u0119kszych skupisk: na kwiat ci\u0119ty i do suchych bukiet\u00f3w.<\/p>","protected":false},"excerpt":{"rendered":"<p>Ro\u015blina o kwiatach zebranych w grube, zwisaj\u0105ce k\u0142osy, barwy ciemnoczerwonej. Wymaga gleby \u017cyznej g\u0142eboko uprawionej. Zastosowanie: do tworzenia wi\u0119kszych skupisk: na kwiat ci\u0119ty i do suchych bukiet\u00f3w.<\/p>\n","protected":false},"featured_media":18907,"comment_status":"open","ping_status":"open","template":"","meta":{"inline_featured_image":false},"product_cat":[89,93],"product_tag":[],"acf":[],"featured_image":"https:\/\/torseed.eu\/app\/uploads\/2023\/03\/1034.jpg","_links":{"self":[{"href":"https:\/\/torseed.eu\/en\/wp-json\/wp\/v2\/product\/29823"}],"collection":[{"href":"https:\/\/torseed.eu\/en\/wp-json\/wp\/v2\/product"}],"about":[{"href":"https:\/\/torseed.eu\/en\/wp-json\/wp\/v2\/types\/product"}],"replies":[{"embeddable":true,"href":"https:\/\/torseed.eu\/en\/wp-json\/wp\/v2\/comments?post=29823"}],"version-history":[{"count":0,"href":"https:\/\/torseed.eu\/en\/wp-json\/wp\/v2\/product\/29823\/revisions"}],"wp:featuredmedia":[{"embeddable":true,"href":"https:\/\/torseed.eu\/en\/wp-json\/wp\/v2\/media\/18907"}],"wp:attachment":[{"href":"https:\/\/torseed.eu\/en\/wp-json\/wp\/v2\/media?parent=29823"}],"wp:term":[{"taxonomy":"product_cat","embeddable":true,"href":"https:\/\/torseed.eu\/en\/wp-json\/wp\/v2\/product_cat?post=29823"},{"taxonomy":"product_tag","embeddable":true,"href":"https:\/\/torseed.eu\/en\/wp-json\/wp\/v2\/product_tag?post=29823"}],"curies":[{"name":"wp","href":"https:\/\/api.w.org\/{rel}","templated":true}]}}