{"id":29830,"date":"2022-06-15T06:30:53","date_gmt":"2022-06-15T06:30:53","guid":{"rendered":"https:\/\/refactor-second-attempt.torseed.dev.greenparrot.pl\/produkt\/suchokwiat-roczny-mieszanka\/"},"modified":"2023-03-29T18:07:31","modified_gmt":"2023-03-29T18:07:31","slug":"suchokwiat-roczny-mieszanka","status":"publish","type":"product","link":"https:\/\/torseed.eu\/en\/produkt\/suchokwiat-roczny-mieszanka\/","title":{"rendered":"Suchokwiat roczny mieszanka"},"content":{"rendered":"<p>Ro\u015blina jednoroczna o pojedynczych lub pe\u0142nych kwiatach. Wymaga gleby \u017cyznej, przepuszczalnej. Zastosowanie: na kwiat ci\u0119ty, na rabaty, do suchych bukiet\u00f3w.<\/p>","protected":false},"excerpt":{"rendered":"<p>Ro\u015blina jednoroczna o pojedynczych lub pe\u0142nych kwiatach. Wymaga gleby \u017cyznej, przepuszczalnej. Zastosowanie: na kwiat ci\u0119ty, na rabaty, do suchych bukiet\u00f3w.<\/p>\n","protected":false},"featured_media":18889,"comment_status":"open","ping_status":"open","template":"","meta":{"inline_featured_image":false},"product_cat":[89,93],"product_tag":[],"acf":[],"featured_image":"https:\/\/torseed.eu\/app\/uploads\/2023\/03\/1022.jpg","_links":{"self":[{"href":"https:\/\/torseed.eu\/en\/wp-json\/wp\/v2\/product\/29830"}],"collection":[{"href":"https:\/\/torseed.eu\/en\/wp-json\/wp\/v2\/product"}],"about":[{"href":"https:\/\/torseed.eu\/en\/wp-json\/wp\/v2\/types\/product"}],"replies":[{"embeddable":true,"href":"https:\/\/torseed.eu\/en\/wp-json\/wp\/v2\/comments?post=29830"}],"version-history":[{"count":0,"href":"https:\/\/torseed.eu\/en\/wp-json\/wp\/v2\/product\/29830\/revisions"}],"wp:featuredmedia":[{"embeddable":true,"href":"https:\/\/torseed.eu\/en\/wp-json\/wp\/v2\/media\/18889"}],"wp:attachment":[{"href":"https:\/\/torseed.eu\/en\/wp-json\/wp\/v2\/media?parent=29830"}],"wp:term":[{"taxonomy":"product_cat","embeddable":true,"href":"https:\/\/torseed.eu\/en\/wp-json\/wp\/v2\/product_cat?post=29830"},{"taxonomy":"product_tag","embeddable":true,"href":"https:\/\/torseed.eu\/en\/wp-json\/wp\/v2\/product_tag?post=29830"}],"curies":[{"name":"wp","href":"https:\/\/api.w.org\/{rel}","templated":true}]}}