{"id":29833,"date":"2022-06-15T06:30:51","date_gmt":"2022-06-15T06:30:51","guid":{"rendered":"https:\/\/refactor-second-attempt.torseed.dev.greenparrot.pl\/produkt\/slonecznik-kwiatowy-mieszanka-odmian\/"},"modified":"2023-03-29T18:07:34","modified_gmt":"2023-03-29T18:07:34","slug":"slonecznik-kwiatowy-mieszanka-odmian","status":"publish","type":"product","link":"https:\/\/torseed.eu\/en\/produkt\/slonecznik-kwiatowy-mieszanka-odmian\/","title":{"rendered":"S\u0142onecznik kwiatowy mieszanka odmian"},"content":{"rendered":"<p>Mieszanka r\u00f3\u017cnych odmian s\u0142onecznika pod wzgl\u0119dem wysoko\u015bci oraz typu kwiatostanu. Wyst\u0119puj\u0105 tu zar\u00f3wno ro\u015bliny wysokie jak i niskie, o kwiatach pojedynczych i pe\u0142nych oraz r\u00f3\u017cnym wybarwieniu i budowie koszyczk\u00f3w kwiatowych.<\/p>","protected":false},"excerpt":{"rendered":"<p>Mieszanka r\u00f3\u017cnych odmian s\u0142onecznika pod wzgl\u0119dem wysoko\u015bci oraz typu kwiatostanu. Wyst\u0119puj\u0105 tu zar\u00f3wno ro\u015bliny wysokie jak i niskie, o kwiatach pojedynczych i pe\u0142nych oraz r\u00f3\u017cnym wybarwieniu i budowie koszyczk\u00f3w kwiatowych.<\/p>\n","protected":false},"featured_media":18880,"comment_status":"open","ping_status":"open","template":"","meta":{"inline_featured_image":false},"product_cat":[89,93],"product_tag":[],"acf":[],"featured_image":"https:\/\/torseed.eu\/app\/uploads\/2023\/03\/8297.jpg","_links":{"self":[{"href":"https:\/\/torseed.eu\/en\/wp-json\/wp\/v2\/product\/29833"}],"collection":[{"href":"https:\/\/torseed.eu\/en\/wp-json\/wp\/v2\/product"}],"about":[{"href":"https:\/\/torseed.eu\/en\/wp-json\/wp\/v2\/types\/product"}],"replies":[{"embeddable":true,"href":"https:\/\/torseed.eu\/en\/wp-json\/wp\/v2\/comments?post=29833"}],"version-history":[{"count":0,"href":"https:\/\/torseed.eu\/en\/wp-json\/wp\/v2\/product\/29833\/revisions"}],"wp:featuredmedia":[{"embeddable":true,"href":"https:\/\/torseed.eu\/en\/wp-json\/wp\/v2\/media\/18880"}],"wp:attachment":[{"href":"https:\/\/torseed.eu\/en\/wp-json\/wp\/v2\/media?parent=29833"}],"wp:term":[{"taxonomy":"product_cat","embeddable":true,"href":"https:\/\/torseed.eu\/en\/wp-json\/wp\/v2\/product_cat?post=29833"},{"taxonomy":"product_tag","embeddable":true,"href":"https:\/\/torseed.eu\/en\/wp-json\/wp\/v2\/product_tag?post=29833"}],"curies":[{"name":"wp","href":"https:\/\/api.w.org\/{rel}","templated":true}]}}