{"id":29834,"date":"2022-06-15T06:30:50","date_gmt":"2022-06-15T06:30:50","guid":{"rendered":"https:\/\/refactor-second-attempt.torseed.dev.greenparrot.pl\/produkt\/slonecznik-kwiatowy-pojedynczy-wysoki-mieszanka\/"},"modified":"2023-03-29T18:07:34","modified_gmt":"2023-03-29T18:07:34","slug":"slonecznik-kwiatowy-pojedynczy-wysoki-mieszanka","status":"publish","type":"product","link":"https:\/\/torseed.eu\/en\/produkt\/slonecznik-kwiatowy-pojedynczy-wysoki-mieszanka\/","title":{"rendered":"S\u0142onecznik kwiatowy pojedynczy wysoki &#8211; mieszanka"},"content":{"rendered":"<p>Ro\u015blina jednoroczna o pojedynczych, du\u017cych kwiatach i d\u0142ugich \u0142odygach. Wymaga gleby \u017cyznej, g\u0142\u0119boko uprawionej. Zastosowanie: na kwiat ci\u0119ty, na rabaty.<\/p>","protected":false},"excerpt":{"rendered":"<p>Ro\u015blina jednoroczna o pojedynczych, du\u017cych kwiatach i d\u0142ugich \u0142odygach. Wymaga gleby \u017cyznej, g\u0142\u0119boko uprawionej. Zastosowanie: na kwiat ci\u0119ty, na rabaty.<\/p>\n","protected":false},"featured_media":18877,"comment_status":"open","ping_status":"open","template":"","meta":{"inline_featured_image":false},"product_cat":[89,93],"product_tag":[],"acf":[],"featured_image":"https:\/\/torseed.eu\/app\/uploads\/2023\/03\/8858.jpg","_links":{"self":[{"href":"https:\/\/torseed.eu\/en\/wp-json\/wp\/v2\/product\/29834"}],"collection":[{"href":"https:\/\/torseed.eu\/en\/wp-json\/wp\/v2\/product"}],"about":[{"href":"https:\/\/torseed.eu\/en\/wp-json\/wp\/v2\/types\/product"}],"replies":[{"embeddable":true,"href":"https:\/\/torseed.eu\/en\/wp-json\/wp\/v2\/comments?post=29834"}],"version-history":[{"count":0,"href":"https:\/\/torseed.eu\/en\/wp-json\/wp\/v2\/product\/29834\/revisions"}],"wp:featuredmedia":[{"embeddable":true,"href":"https:\/\/torseed.eu\/en\/wp-json\/wp\/v2\/media\/18877"}],"wp:attachment":[{"href":"https:\/\/torseed.eu\/en\/wp-json\/wp\/v2\/media?parent=29834"}],"wp:term":[{"taxonomy":"product_cat","embeddable":true,"href":"https:\/\/torseed.eu\/en\/wp-json\/wp\/v2\/product_cat?post=29834"},{"taxonomy":"product_tag","embeddable":true,"href":"https:\/\/torseed.eu\/en\/wp-json\/wp\/v2\/product_tag?post=29834"}],"curies":[{"name":"wp","href":"https:\/\/api.w.org\/{rel}","templated":true}]}}