{"id":29836,"date":"2022-06-15T06:30:48","date_gmt":"2022-06-15T06:30:48","guid":{"rendered":"https:\/\/refactor-second-attempt.torseed.dev.greenparrot.pl\/produkt\/slonecznik-kwiatowy-pelny-niski-zolty\/"},"modified":"2023-03-29T18:07:36","modified_gmt":"2023-03-29T18:07:36","slug":"slonecznik-kwiatowy-pelny-niski-zolty","status":"publish","type":"product","link":"https:\/\/torseed.eu\/en\/produkt\/slonecznik-kwiatowy-pelny-niski-zolty\/","title":{"rendered":"S\u0142onecznik kwiatowy pe\u0142ny niski &#8211; \u017c\u00f3\u0142ty"},"content":{"rendered":"<p>Ro\u015blina jednoroczna o \u017c\u00f3\u0142tych pe\u0142nych kwiatach. Wymaga gleby \u017cyznej, g\u0142\u0119boko uprawionej. Zastosowanie: na kwiat ci\u0119ty, na rabaty.<\/p>","protected":false},"excerpt":{"rendered":"<p>Ro\u015blina jednoroczna o \u017c\u00f3\u0142tych pe\u0142nych kwiatach. Wymaga gleby \u017cyznej, g\u0142\u0119boko uprawionej. Zastosowanie: na kwiat ci\u0119ty, na rabaty.<\/p>\n","protected":false},"featured_media":18868,"comment_status":"open","ping_status":"open","template":"","meta":{"inline_featured_image":false},"product_cat":[89,93],"product_tag":[],"acf":[],"featured_image":"https:\/\/torseed.eu\/app\/uploads\/2023\/03\/1013.jpg","_links":{"self":[{"href":"https:\/\/torseed.eu\/en\/wp-json\/wp\/v2\/product\/29836"}],"collection":[{"href":"https:\/\/torseed.eu\/en\/wp-json\/wp\/v2\/product"}],"about":[{"href":"https:\/\/torseed.eu\/en\/wp-json\/wp\/v2\/types\/product"}],"replies":[{"embeddable":true,"href":"https:\/\/torseed.eu\/en\/wp-json\/wp\/v2\/comments?post=29836"}],"version-history":[{"count":0,"href":"https:\/\/torseed.eu\/en\/wp-json\/wp\/v2\/product\/29836\/revisions"}],"wp:featuredmedia":[{"embeddable":true,"href":"https:\/\/torseed.eu\/en\/wp-json\/wp\/v2\/media\/18868"}],"wp:attachment":[{"href":"https:\/\/torseed.eu\/en\/wp-json\/wp\/v2\/media?parent=29836"}],"wp:term":[{"taxonomy":"product_cat","embeddable":true,"href":"https:\/\/torseed.eu\/en\/wp-json\/wp\/v2\/product_cat?post=29836"},{"taxonomy":"product_tag","embeddable":true,"href":"https:\/\/torseed.eu\/en\/wp-json\/wp\/v2\/product_tag?post=29836"}],"curies":[{"name":"wp","href":"https:\/\/api.w.org\/{rel}","templated":true}]}}