{"id":29839,"date":"2022-06-15T06:30:46","date_gmt":"2022-06-15T06:30:46","guid":{"rendered":"https:\/\/refactor-second-attempt.torseed.dev.greenparrot.pl\/produkt\/rudbekia-dwubarwna-zoltopom-z-brun-czerw-plama\/"},"modified":"2023-03-29T18:07:39","modified_gmt":"2023-03-29T18:07:39","slug":"rudbekia-dwubarwna-zoltopom-z-brun-czerw-plama","status":"publish","type":"product","link":"https:\/\/torseed.eu\/en\/produkt\/rudbekia-dwubarwna-zoltopom-z-brun-czerw-plama\/","title":{"rendered":"Rudbekia dwubarwna \u017c\u00f3\u0142topom. z brun.-czerw. plam\u0105"},"content":{"rendered":"<p>Ro\u015blina jednoroczna o \u017c\u00f3\u0142topomara\u0144czowych z bordowymi plamami kwiatach. Wymaga gleby \u017cyznej, dostatecznie wilgotnej. Zastosowanie: na kwiat ci\u0119ty, na rabaty.<\/p>","protected":false},"excerpt":{"rendered":"<p>Ro\u015blina jednoroczna o \u017c\u00f3\u0142topomara\u0144czowych z bordowymi plamami kwiatach. Wymaga gleby \u017cyznej, dostatecznie wilgotnej. Zastosowanie: na kwiat ci\u0119ty, na rabaty.<\/p>\n","protected":false},"featured_media":18862,"comment_status":"open","ping_status":"open","template":"","meta":{"inline_featured_image":false},"product_cat":[89,93],"product_tag":[],"acf":[],"featured_image":"https:\/\/torseed.eu\/app\/uploads\/2023\/03\/1009.jpg","_links":{"self":[{"href":"https:\/\/torseed.eu\/en\/wp-json\/wp\/v2\/product\/29839"}],"collection":[{"href":"https:\/\/torseed.eu\/en\/wp-json\/wp\/v2\/product"}],"about":[{"href":"https:\/\/torseed.eu\/en\/wp-json\/wp\/v2\/types\/product"}],"replies":[{"embeddable":true,"href":"https:\/\/torseed.eu\/en\/wp-json\/wp\/v2\/comments?post=29839"}],"version-history":[{"count":0,"href":"https:\/\/torseed.eu\/en\/wp-json\/wp\/v2\/product\/29839\/revisions"}],"wp:featuredmedia":[{"embeddable":true,"href":"https:\/\/torseed.eu\/en\/wp-json\/wp\/v2\/media\/18862"}],"wp:attachment":[{"href":"https:\/\/torseed.eu\/en\/wp-json\/wp\/v2\/media?parent=29839"}],"wp:term":[{"taxonomy":"product_cat","embeddable":true,"href":"https:\/\/torseed.eu\/en\/wp-json\/wp\/v2\/product_cat?post=29839"},{"taxonomy":"product_tag","embeddable":true,"href":"https:\/\/torseed.eu\/en\/wp-json\/wp\/v2\/product_tag?post=29839"}],"curies":[{"name":"wp","href":"https:\/\/api.w.org\/{rel}","templated":true}]}}