{"id":29843,"date":"2022-06-15T06:30:37","date_gmt":"2022-06-15T06:30:37","guid":{"rendered":"https:\/\/refactor-second-attempt.torseed.dev.greenparrot.pl\/produkt\/przypoludnik-mieszanka\/"},"modified":"2023-03-29T18:07:42","modified_gmt":"2023-03-29T18:07:42","slug":"przypoludnik-mieszanka","status":"publish","type":"product","link":"https:\/\/torseed.eu\/en\/produkt\/przypoludnik-mieszanka\/","title":{"rendered":"Przypo\u0142udnik mieszanka"},"content":{"rendered":"<p>Ro\u015blina jednoroczna, o r\u00f3\u017cnobarwnych delikatnych kwiatach. Wymaga gleby \u017cyznej, przepuszczalnej. Zastosowanie: na rabaty, do ogr\u00f3dk\u00f3w skalnych.<\/p>","protected":false},"excerpt":{"rendered":"<p>Ro\u015blina jednoroczna, o r\u00f3\u017cnobarwnych delikatnych kwiatach. Wymaga gleby \u017cyznej, przepuszczalnej. Zastosowanie: na rabaty, do ogr\u00f3dk\u00f3w skalnych.<\/p>\n","protected":false},"featured_media":18847,"comment_status":"open","ping_status":"open","template":"","meta":{"inline_featured_image":false},"product_cat":[89,93],"product_tag":[],"acf":[],"featured_image":"https:\/\/torseed.eu\/app\/uploads\/2023\/03\/1001.jpg","_links":{"self":[{"href":"https:\/\/torseed.eu\/en\/wp-json\/wp\/v2\/product\/29843"}],"collection":[{"href":"https:\/\/torseed.eu\/en\/wp-json\/wp\/v2\/product"}],"about":[{"href":"https:\/\/torseed.eu\/en\/wp-json\/wp\/v2\/types\/product"}],"replies":[{"embeddable":true,"href":"https:\/\/torseed.eu\/en\/wp-json\/wp\/v2\/comments?post=29843"}],"version-history":[{"count":0,"href":"https:\/\/torseed.eu\/en\/wp-json\/wp\/v2\/product\/29843\/revisions"}],"wp:featuredmedia":[{"embeddable":true,"href":"https:\/\/torseed.eu\/en\/wp-json\/wp\/v2\/media\/18847"}],"wp:attachment":[{"href":"https:\/\/torseed.eu\/en\/wp-json\/wp\/v2\/media?parent=29843"}],"wp:term":[{"taxonomy":"product_cat","embeddable":true,"href":"https:\/\/torseed.eu\/en\/wp-json\/wp\/v2\/product_cat?post=29843"},{"taxonomy":"product_tag","embeddable":true,"href":"https:\/\/torseed.eu\/en\/wp-json\/wp\/v2\/product_tag?post=29843"}],"curies":[{"name":"wp","href":"https:\/\/api.w.org\/{rel}","templated":true}]}}