{"id":29844,"date":"2022-06-15T06:30:37","date_gmt":"2022-06-15T06:30:37","guid":{"rendered":"https:\/\/refactor-second-attempt.torseed.dev.greenparrot.pl\/produkt\/racznik-pospolity-czerwonolistny\/"},"modified":"2023-03-29T18:07:43","modified_gmt":"2023-03-29T18:07:43","slug":"racznik-pospolity-czerwonolistny","status":"publish","type":"product","link":"https:\/\/torseed.eu\/en\/produkt\/racznik-pospolity-czerwonolistny\/","title":{"rendered":"R\u0105cznik pospolity czerwonolistny"},"content":{"rendered":"<p>Ro\u015blina jednoroczna o du\u017cych ozdobnych li\u015bciach. Wymaga \u017cyznej gleby. Zastosowanie: na rabaty.<\/p>","protected":false},"excerpt":{"rendered":"<p>Ro\u015blina jednoroczna o du\u017cych ozdobnych li\u015bciach. Wymaga \u017cyznej gleby. Zastosowanie: na rabaty.<\/p>\n","protected":false},"featured_media":18850,"comment_status":"open","ping_status":"open","template":"","meta":{"inline_featured_image":false},"product_cat":[89,93],"product_tag":[],"acf":[],"featured_image":"https:\/\/torseed.eu\/app\/uploads\/2023\/03\/1003.jpg","_links":{"self":[{"href":"https:\/\/torseed.eu\/en\/wp-json\/wp\/v2\/product\/29844"}],"collection":[{"href":"https:\/\/torseed.eu\/en\/wp-json\/wp\/v2\/product"}],"about":[{"href":"https:\/\/torseed.eu\/en\/wp-json\/wp\/v2\/types\/product"}],"replies":[{"embeddable":true,"href":"https:\/\/torseed.eu\/en\/wp-json\/wp\/v2\/comments?post=29844"}],"version-history":[{"count":0,"href":"https:\/\/torseed.eu\/en\/wp-json\/wp\/v2\/product\/29844\/revisions"}],"wp:featuredmedia":[{"embeddable":true,"href":"https:\/\/torseed.eu\/en\/wp-json\/wp\/v2\/media\/18850"}],"wp:attachment":[{"href":"https:\/\/torseed.eu\/en\/wp-json\/wp\/v2\/media?parent=29844"}],"wp:term":[{"taxonomy":"product_cat","embeddable":true,"href":"https:\/\/torseed.eu\/en\/wp-json\/wp\/v2\/product_cat?post=29844"},{"taxonomy":"product_tag","embeddable":true,"href":"https:\/\/torseed.eu\/en\/wp-json\/wp\/v2\/product_tag?post=29844"}],"curies":[{"name":"wp","href":"https:\/\/api.w.org\/{rel}","templated":true}]}}