{"id":29845,"date":"2022-06-15T06:30:36","date_gmt":"2022-06-15T06:30:36","guid":{"rendered":"https:\/\/refactor-second-attempt.torseed.dev.greenparrot.pl\/produkt\/powoj-trojbarwny-mieszanka\/"},"modified":"2023-03-29T18:07:56","modified_gmt":"2023-03-29T18:07:56","slug":"powoj-trojbarwny-mieszanka","status":"publish","type":"product","link":"https:\/\/torseed.eu\/en\/produkt\/powoj-trojbarwny-mieszanka\/","title":{"rendered":"Pow\u00f3j tr\u00f3jbarwny mieszanka"},"content":{"rendered":"<p>Ro\u015blina jednoroczna o du\u017cych, lejkowatych kwiatach. Wymaga gleby gliniastej z zawarto\u015bci\u0105 wapnia. Zastosowanie: na rabaty, obw\u00f3dki.<\/p>","protected":false},"excerpt":{"rendered":"<p>Ro\u015blina jednoroczna o du\u017cych, lejkowatych kwiatach. Wymaga gleby gliniastej z zawarto\u015bci\u0105 wapnia. Zastosowanie: na rabaty, obw\u00f3dki.<\/p>\n","protected":false},"featured_media":18844,"comment_status":"open","ping_status":"open","template":"","meta":{"inline_featured_image":false},"product_cat":[89,93],"product_tag":[],"acf":[],"featured_image":"https:\/\/torseed.eu\/app\/uploads\/2023\/03\/999.jpg","_links":{"self":[{"href":"https:\/\/torseed.eu\/en\/wp-json\/wp\/v2\/product\/29845"}],"collection":[{"href":"https:\/\/torseed.eu\/en\/wp-json\/wp\/v2\/product"}],"about":[{"href":"https:\/\/torseed.eu\/en\/wp-json\/wp\/v2\/types\/product"}],"replies":[{"embeddable":true,"href":"https:\/\/torseed.eu\/en\/wp-json\/wp\/v2\/comments?post=29845"}],"version-history":[{"count":0,"href":"https:\/\/torseed.eu\/en\/wp-json\/wp\/v2\/product\/29845\/revisions"}],"wp:featuredmedia":[{"embeddable":true,"href":"https:\/\/torseed.eu\/en\/wp-json\/wp\/v2\/media\/18844"}],"wp:attachment":[{"href":"https:\/\/torseed.eu\/en\/wp-json\/wp\/v2\/media?parent=29845"}],"wp:term":[{"taxonomy":"product_cat","embeddable":true,"href":"https:\/\/torseed.eu\/en\/wp-json\/wp\/v2\/product_cat?post=29845"},{"taxonomy":"product_tag","embeddable":true,"href":"https:\/\/torseed.eu\/en\/wp-json\/wp\/v2\/product_tag?post=29845"}],"curies":[{"name":"wp","href":"https:\/\/api.w.org\/{rel}","templated":true}]}}