{"id":29846,"date":"2022-06-15T06:30:35","date_gmt":"2022-06-15T06:30:35","guid":{"rendered":"https:\/\/refactor-second-attempt.torseed.dev.greenparrot.pl\/produkt\/portulaka-pelna-mieszanka\/"},"modified":"2023-03-29T18:07:57","modified_gmt":"2023-03-29T18:07:57","slug":"portulaka-pelna-mieszanka","status":"publish","type":"product","link":"https:\/\/torseed.eu\/en\/produkt\/portulaka-pelna-mieszanka\/","title":{"rendered":"Portulaka pe\u0142na &#8211; mieszanka"},"content":{"rendered":"<p>Ro\u015blina jednoroczna, p\u0142o\u017c\u0105ca si\u0119 o r\u00f3\u017cnobarwnych kwiatach. Wymaga gleby lekkiej, przepuszczalnej. Zastosowanie: na rabaty, obw\u00f3dki, do ogr\u00f3dk\u00f3w skalnych.<\/p>","protected":false},"excerpt":{"rendered":"<p>Ro\u015blina jednoroczna, p\u0142o\u017c\u0105ca si\u0119 o r\u00f3\u017cnobarwnych kwiatach. Wymaga gleby lekkiej, przepuszczalnej. Zastosowanie: na rabaty, obw\u00f3dki, do ogr\u00f3dk\u00f3w skalnych.<\/p>\n","protected":false},"featured_media":18841,"comment_status":"open","ping_status":"open","template":"","meta":{"inline_featured_image":false},"product_cat":[89,93],"product_tag":[],"acf":[],"featured_image":"https:\/\/torseed.eu\/app\/uploads\/2023\/03\/997.jpg","_links":{"self":[{"href":"https:\/\/torseed.eu\/en\/wp-json\/wp\/v2\/product\/29846"}],"collection":[{"href":"https:\/\/torseed.eu\/en\/wp-json\/wp\/v2\/product"}],"about":[{"href":"https:\/\/torseed.eu\/en\/wp-json\/wp\/v2\/types\/product"}],"replies":[{"embeddable":true,"href":"https:\/\/torseed.eu\/en\/wp-json\/wp\/v2\/comments?post=29846"}],"version-history":[{"count":0,"href":"https:\/\/torseed.eu\/en\/wp-json\/wp\/v2\/product\/29846\/revisions"}],"wp:featuredmedia":[{"embeddable":true,"href":"https:\/\/torseed.eu\/en\/wp-json\/wp\/v2\/media\/18841"}],"wp:attachment":[{"href":"https:\/\/torseed.eu\/en\/wp-json\/wp\/v2\/media?parent=29846"}],"wp:term":[{"taxonomy":"product_cat","embeddable":true,"href":"https:\/\/torseed.eu\/en\/wp-json\/wp\/v2\/product_cat?post=29846"},{"taxonomy":"product_tag","embeddable":true,"href":"https:\/\/torseed.eu\/en\/wp-json\/wp\/v2\/product_tag?post=29846"}],"curies":[{"name":"wp","href":"https:\/\/api.w.org\/{rel}","templated":true}]}}