{"id":29847,"date":"2022-06-15T06:30:34","date_gmt":"2022-06-15T06:30:34","guid":{"rendered":"https:\/\/refactor-second-attempt.torseed.dev.greenparrot.pl\/produkt\/porcelanka-niebieska\/"},"modified":"2023-03-29T18:07:58","modified_gmt":"2023-03-29T18:07:58","slug":"porcelanka-niebieska","status":"publish","type":"product","link":"https:\/\/torseed.eu\/en\/produkt\/porcelanka-niebieska\/","title":{"rendered":"Porcelanka niebieska"},"content":{"rendered":"<p>Ro\u015blina o delikatnych jasnoniebieskich kwiatach. Wymaga gleby \u017cyznej, wilgotnej lecz przepuszczalnej. Zastosowanie: na rabaty, obw\u00f3dki, na kwiat ciety i do ogr\u00f3dk\u00f3w skalych. Zaleca si\u0119 przerywanie ro\u015blin.<\/p>","protected":false},"excerpt":{"rendered":"<p>Ro\u015blina o delikatnych jasnoniebieskich kwiatach. Wymaga gleby \u017cyznej, wilgotnej lecz przepuszczalnej. Zastosowanie: na rabaty, obw\u00f3dki, na kwiat ciety i do ogr\u00f3dk\u00f3w skalych. Zaleca si\u0119 przerywanie ro\u015blin.<\/p>\n","protected":false},"featured_media":18835,"comment_status":"open","ping_status":"open","template":"","meta":{"inline_featured_image":false},"product_cat":[89,93],"product_tag":[],"acf":[],"featured_image":"https:\/\/torseed.eu\/app\/uploads\/2023\/03\/995.jpg","_links":{"self":[{"href":"https:\/\/torseed.eu\/en\/wp-json\/wp\/v2\/product\/29847"}],"collection":[{"href":"https:\/\/torseed.eu\/en\/wp-json\/wp\/v2\/product"}],"about":[{"href":"https:\/\/torseed.eu\/en\/wp-json\/wp\/v2\/types\/product"}],"replies":[{"embeddable":true,"href":"https:\/\/torseed.eu\/en\/wp-json\/wp\/v2\/comments?post=29847"}],"version-history":[{"count":0,"href":"https:\/\/torseed.eu\/en\/wp-json\/wp\/v2\/product\/29847\/revisions"}],"wp:featuredmedia":[{"embeddable":true,"href":"https:\/\/torseed.eu\/en\/wp-json\/wp\/v2\/media\/18835"}],"wp:attachment":[{"href":"https:\/\/torseed.eu\/en\/wp-json\/wp\/v2\/media?parent=29847"}],"wp:term":[{"taxonomy":"product_cat","embeddable":true,"href":"https:\/\/torseed.eu\/en\/wp-json\/wp\/v2\/product_cat?post=29847"},{"taxonomy":"product_tag","embeddable":true,"href":"https:\/\/torseed.eu\/en\/wp-json\/wp\/v2\/product_tag?post=29847"}],"curies":[{"name":"wp","href":"https:\/\/api.w.org\/{rel}","templated":true}]}}